{"id":15889,"date":"2025-01-16T17:37:09","date_gmt":"2025-01-16T16:37:09","guid":{"rendered":"https:\/\/www.viceversabcn.org\/politica-de-cookies\/"},"modified":"2026-03-19T11:51:31","modified_gmt":"2026-03-19T10:51:31","slug":"politica-de-cookies","status":"publish","type":"page","link":"https:\/\/www.viceversabcn.org\/ca\/politica-de-cookies\/","title":{"rendered":"Pol\u00edtica de cookies"},"content":{"rendered":"\t\t<div data-elementor-type=\"wp-page\" data-elementor-id=\"15889\" class=\"elementor elementor-15889 elementor-14762\">\n\t\t\t\t<div class=\"elementor-element elementor-element-6c727151 e-flex e-con-boxed parallax_section_no qode_elementor_container_no e-con e-parent\" data-id=\"6c727151\" data-element_type=\"container\">\n\t\t\t\t\t<div class=\"e-con-inner\">\n\t\t\t\t<div class=\"elementor-element elementor-element-6785510 elementor-widget elementor-widget-heading\" data-id=\"6785510\" data-element_type=\"widget\" data-widget_type=\"heading.default\">\n\t\t\t\t<div class=\"elementor-widget-container\">\n\t\t\t\t\t<h1 class=\"elementor-heading-title elementor-size-default\">Pol\u00edtica de cookies<\/h1>\t\t\t\t<\/div>\n\t\t\t\t<\/div>\n\t\t\t\t<div class=\"elementor-element elementor-element-69332429 elementor-widget elementor-widget-text-editor\" data-id=\"69332429\" data-element_type=\"widget\" data-widget_type=\"text-editor.default\">\n\t\t\t\t<div class=\"elementor-widget-container\">\n\t\t\t\t\t\t\t\t\t<p>Gemma Borrellas Masip, a trav\u00e9s del present document, recull la seva Pol\u00edtica de recollida i tractament de cookies, en compliment del que disposa l&#8217;article 22.2 de la Llei 34\/2002, d&#8217;11 de juliol, de serveis de la societat de la informaci\u00f3 i de comer\u00e7 electr\u00f2nic (LSSI-CE).<\/p>\t\t\t\t\t\t\t\t<\/div>\n\t\t\t\t<\/div>\n\t\t\t\t<div class=\"elementor-element elementor-element-2d72584 elementor-widget elementor-widget-text-editor\" data-id=\"2d72584\" data-element_type=\"widget\" data-widget_type=\"text-editor.default\">\n\t\t\t\t<div class=\"elementor-widget-container\">\n\t\t\t\t\t\t\t\t\t<p>Les cookies s&#8217;emmagatzemen a l&#8217;equip terminal de l&#8217;usuari (ordinador o dispositiu m\u00f2bil) i recopilen informaci\u00f3 en visitar la p\u00e0gina web www.viceversabcn.org, per tal de millorar-ne la usabilitat, con\u00e8ixer els seus h\u00e0bits o necessitats de navegaci\u00f3 dels usuaris per poder adaptar-s&#8217;hi, aix\u00ed com obtenir informaci\u00f3 amb finalitats estad\u00edstiques. En el cas dels usuaris que siguin clients de Gemma Borrellas Masip, la informaci\u00f3 recollida amb les cookies servir\u00e0 tamb\u00e9 per a la seva identificaci\u00f3 en accedir a les diferents eines que Gemma Borrellas Masip posa a la vostra disposici\u00f3 per a la gesti\u00f3 dels serveis.<\/p>\t\t\t\t\t\t\t\t<\/div>\n\t\t\t\t<\/div>\n\t\t\t\t<div class=\"elementor-element elementor-element-07cb647 elementor-widget elementor-widget-text-editor\" data-id=\"07cb647\" data-element_type=\"widget\" data-widget_type=\"text-editor.default\">\n\t\t\t\t<div class=\"elementor-widget-container\">\n\t\t\t\t\t\t\t\t\t<p>Aquesta Pol\u00edtica de cookies ser\u00e0 aplicable a aquells usuaris que volunt\u00e0riament visitin les p\u00e0gines web de Gemma Borrellas Masip, omplin formularis de recollida de dades, accedeixin a les eines que Gemma Borrellas Masip posa a disposici\u00f3 dels seus clients per gestionar els seus serveis, o utilitzin qualsevol altre servei present al lloc web que impliqui la comunicaci\u00f3 de dades per Gemma Borrellas prestaci\u00f3 dels serveis.<\/p>\t\t\t\t\t\t\t\t<\/div>\n\t\t\t\t<\/div>\n\t\t\t\t<div class=\"elementor-element elementor-element-66892b6 elementor-widget elementor-widget-text-editor\" data-id=\"66892b6\" data-element_type=\"widget\" data-widget_type=\"text-editor.default\">\n\t\t\t\t<div class=\"elementor-widget-container\">\n\t\t\t\t\t\t\t\t\t<p>Gemma Borrellas Masip informa els usuaris de les seves p\u00e0gines web, de l&#8217;exist\u00e8ncia de cookies i posa a la seva disposici\u00f3 aquesta Pol\u00edtica per informar-los sobre l&#8217;\u00fas i l&#8217;objecte de les mateixes. El fet de continuar la navegaci\u00f3 a trav\u00e9s de les seves p\u00e0gines suposa el coneixement i l&#8217;acceptaci\u00f3 d&#8217;aquesta Pol\u00edtica per part d&#8217;aquests usuaris.<\/p>\t\t\t\t\t\t\t\t<\/div>\n\t\t\t\t<\/div>\n\t\t\t\t<div class=\"elementor-element elementor-element-c099156 elementor-widget elementor-widget-text-editor\" data-id=\"c099156\" data-element_type=\"widget\" data-widget_type=\"text-editor.default\">\n\t\t\t\t<div class=\"elementor-widget-container\">\n\t\t\t\t\t\t\t\t\t<p>Gemma Borrellas Masip utilitza els seg\u00fcents tipus de cookies:<\/p>\t\t\t\t\t\t\t\t<\/div>\n\t\t\t\t<\/div>\n\t\t\t\t<div class=\"elementor-element elementor-element-3da13d1 elementor-widget elementor-widget-text-editor\" data-id=\"3da13d1\" data-element_type=\"widget\" data-widget_type=\"text-editor.default\">\n\t\t\t\t<div class=\"elementor-widget-container\">\n\t\t\t\t\t\t\t\t\t<p><strong>CLASSIFICADES SEGONS LA SEVA TITULARITAT<\/strong><\/p>\t\t\t\t\t\t\t\t<\/div>\n\t\t\t\t<\/div>\n\t\t\t\t<div class=\"elementor-element elementor-element-ac710b3 elementor-widget elementor-widget-text-editor\" data-id=\"ac710b3\" data-element_type=\"widget\" data-widget_type=\"text-editor.default\">\n\t\t\t\t<div class=\"elementor-widget-container\">\n\t\t\t\t\t\t\t\t\t<ul><li>Cookies pr\u00f2pies: enviades i gestionades directament per Gemma Borrellas Masip.<\/li><li>Galetes de tercers: enviades i gestionades per un tercer ali\u00e8 a Gemma Borrellas Masip, de forma an\u00f2nima, per tal de realitzar estudis estad\u00edstics de navegaci\u00f3 per les p\u00e0gines web de Viceversa.<\/li><\/ul>\t\t\t\t\t\t\t\t<\/div>\n\t\t\t\t<\/div>\n\t\t\t\t<div class=\"elementor-element elementor-element-9d8cac3 elementor-widget elementor-widget-text-editor\" data-id=\"9d8cac3\" data-element_type=\"widget\" data-widget_type=\"text-editor.default\">\n\t\t\t\t<div class=\"elementor-widget-container\">\n\t\t\t\t\t\t\t\t\t<p><strong>CLASSIFICADES SEGONS LA SEVA FINALITAT<\/strong><\/p>\t\t\t\t\t\t\t\t<\/div>\n\t\t\t\t<\/div>\n\t\t\t\t<div class=\"elementor-element elementor-element-886e2e8 elementor-widget elementor-widget-text-editor\" data-id=\"886e2e8\" data-element_type=\"widget\" data-widget_type=\"text-editor.default\">\n\t\t\t\t<div class=\"elementor-widget-container\">\n\t\t\t\t\t\t\t\t\t<ul><li>Galetes t\u00e8cniques i\/o de personalitzaci\u00f3: faciliten la navegaci\u00f3 en identificar la sessi\u00f3, permetre l&#8217;acc\u00e9s a eines d&#8217;acc\u00e9s restringit, a m\u00e9s de configurar a mida les opcions disponibles. Possibiliten la prestaci\u00f3 del servei pr\u00e8viament sol\u00b7licitat per lusuari.<\/li><li>Cookies d&#8217;an\u00e0lisi i\/o publicitat: permeten con\u00e8ixer el nombre de visites rebudes a les diferents seccions de les p\u00e0gines web, els h\u00e0bits i tend\u00e8ncies dels seus usuaris i en conseq\u00fc\u00e8ncia, poder millorar la navegaci\u00f3 i el servei ofert per Gemma Borrellas Masip (fonamentalment, Google Analytics), aix\u00ed com gestionar els espais publicitaris inclosos a la p\u00e0gina web visitada. Recull dades de forma an\u00f2nima per obtenir perfils de navegaci\u00f3 dels usuaris.<\/li><\/ul>\t\t\t\t\t\t\t\t<\/div>\n\t\t\t\t<\/div>\n\t\t\t\t<div class=\"elementor-element elementor-element-c63ae57 elementor-widget elementor-widget-text-editor\" data-id=\"c63ae57\" data-element_type=\"widget\" data-widget_type=\"text-editor.default\">\n\t\t\t\t<div class=\"elementor-widget-container\">\n\t\t\t\t\t\t\t\t\t<p><strong>CLASSIFICADES SEGONS LA SEVA DURADA<\/strong><\/p>\t\t\t\t\t\t\t\t<\/div>\n\t\t\t\t<\/div>\n\t\t\t\t<div class=\"elementor-element elementor-element-3715975 elementor-widget elementor-widget-text-editor\" data-id=\"3715975\" data-element_type=\"widget\" data-widget_type=\"text-editor.default\">\n\t\t\t\t<div class=\"elementor-widget-container\">\n\t\t\t\t\t\t\t\t\t<ul>\n<li>Galetes de sessi\u00f3: recullen i emmagatzemen les dades mentre l&#8217;usuari accedeix a la p\u00e0gina web.<\/li>\n<li>Cookies persistents: recullen i emmagatzemen les dades al terminal de l&#8217;usuari durant un per\u00edode de temps variable en funci\u00f3 de quina sigui la finalitat per a la qual han estat utilitzades.<\/li>\n<\/ul>\t\t\t\t\t\t\t\t<\/div>\n\t\t\t\t<\/div>\n\t\t\t\t<div class=\"elementor-element elementor-element-7871ad7 elementor-widget elementor-widget-text-editor\" data-id=\"7871ad7\" data-element_type=\"widget\" data-widget_type=\"text-editor.default\">\n\t\t\t\t<div class=\"elementor-widget-container\">\n\t\t\t\t\t\t\t\t\t<p>El temps de conservaci\u00f3 de les galetes dependr\u00e0 del tipus de qu\u00e8 es tracti i ser\u00e0 sempre el m\u00ednim indispensable per complir la seva finalitat.<\/p>\t\t\t\t\t\t\t\t<\/div>\n\t\t\t\t<\/div>\n\t\t\t\t<div class=\"elementor-element elementor-element-01507b9 elementor-widget elementor-widget-text-editor\" data-id=\"01507b9\" data-element_type=\"widget\" data-widget_type=\"text-editor.default\">\n\t\t\t\t<div class=\"elementor-widget-container\">\n\t\t\t\t\t\t\t\t\t<p>En qualsevol cas, els usuaris poden configurar el navegador, de manera que es desactivi o bloquegi la recepci\u00f3 de totes o algunes de les galetes. No desitjar rebre aquestes cookies, no constitueix un impediment per poder accedir a la informaci\u00f3 dels llocs web de Gemma Borrellas Masip encara que l&#8217;\u00fas d&#8217;alguns serveis podr\u00e0 ser limitat. Si un cop atorgat el consentiment per a la recepci\u00f3 de cookies es vol retirar, s&#8217;eliminaran aquelles cookies emmagatzemades a l&#8217;equip de l&#8217;usuari, a trav\u00e9s de les opcions dels diferents navegadors.<\/p>\t\t\t\t\t\t\t\t<\/div>\n\t\t\t\t<\/div>\n\t\t\t\t<div class=\"elementor-element elementor-element-cc82966 elementor-widget elementor-widget-text-editor\" data-id=\"cc82966\" data-element_type=\"widget\" data-widget_type=\"text-editor.default\">\n\t\t\t\t<div class=\"elementor-widget-container\">\n\t\t\t\t\t\t\t\t\t<p>La forma de configurar els diferents navegadors per exercitar les accions assenyalades als par\u00e0grafs anteriors, es pot consultar a:<\/p>\t\t\t\t\t\t\t\t<\/div>\n\t\t\t\t<\/div>\n\t\t\t\t<div class=\"elementor-element elementor-element-34496a8 elementor-widget elementor-widget-text-editor\" data-id=\"34496a8\" data-element_type=\"widget\" data-widget_type=\"text-editor.default\">\n\t\t\t\t<div class=\"elementor-widget-container\">\n\t\t\t\t\t\t\t\t\t<p>Explorer: https:\/\/support.microsoft.com\/es-es\/help\/17479\/windows-internet-explorer-11-change-security-privacy-settings<br> Chrome: https:\/\/support.google.com\/chrome\/answer\/95647?hl=ca<br> Firefox: http:\/\/support.mozilla.org\/es\/kb\/cookies-informacion-que-los-sitios-web-guardan-en-?redirectlocale=en-US&amp;redirectslug=Cookies<br> Safari: https:\/\/support.apple.com\/kb\/ph21411?locale=ca_ES<\/p>\t\t\t\t\t\t\t\t<\/div>\n\t\t\t\t<\/div>\n\t\t\t\t<div class=\"elementor-element elementor-element-6e4a663 elementor-widget elementor-widget-text-editor\" data-id=\"6e4a663\" data-element_type=\"widget\" data-widget_type=\"text-editor.default\">\n\t\t\t\t<div class=\"elementor-widget-container\">\n\t\t\t\t\t\t\t\t\t<p><strong>GOOGLE ANALYTICS<\/strong><\/p>\t\t\t\t\t\t\t\t<\/div>\n\t\t\t\t<\/div>\n\t\t\t\t<div class=\"elementor-element elementor-element-994bc6b elementor-widget elementor-widget-text-editor\" data-id=\"994bc6b\" data-element_type=\"widget\" data-widget_type=\"text-editor.default\">\n\t\t\t\t<div class=\"elementor-widget-container\">\n\t\t\t\t\t\t\t\t\t<p>Aquesta p\u00e0gina web utilitza Google Analytics, un servei anal\u00edtic web proporcionat per Google, Inc. (Google, ara endavant). Google Analytics utilitza les anomenades &#8220;cookies&#8221;, fitxers de text que s&#8217;instal\u00b7len a l&#8217;ordinador i que fan possible l&#8217;an\u00e0lisi del comportament dels usuaris a Internet. La informaci\u00f3 que genera la galeta sobre l&#8217;\u00fas que realitza l&#8217;usuari de la p\u00e0gina web es transmet i s&#8217;emmagatzema generalment als servidors de Google dels Estats Units. En cas d&#8217;activar l&#8217;opci\u00f3 d&#8217;IP an\u00f2nima a la p\u00e0gina web, l&#8217;adre\u00e7a IP no apareixer\u00e0 completa dins dels pa\u00efsos de la Uni\u00f3 Europea o als altres pa\u00efsos que aix\u00ed ho hagin acordat dins l&#8217;espai econ\u00f2mic de la Uni\u00f3 Europea.<\/p>\t\t\t\t\t\t\t\t<\/div>\n\t\t\t\t<\/div>\n\t\t\t\t<div class=\"elementor-element elementor-element-e6289de elementor-widget elementor-widget-text-editor\" data-id=\"e6289de\" data-element_type=\"widget\" data-widget_type=\"text-editor.default\">\n\t\t\t\t<div class=\"elementor-widget-container\">\n\t\t\t\t\t\t\t\t\t<p>Nom\u00e9s excepcionalment es transmetr\u00e0 l&#8217;adre\u00e7a IP completa a un servidor de Google als Estats Units i un cop s&#8217;escur\u00e7ar\u00e0 all\u00e0. \u00danicament amb autoritzaci\u00f3 de l&#8217;usuari de la p\u00e0gina, Google utilitzar\u00e0 aquesta informaci\u00f3 per valorar el comportament de l&#8217;usuari a la p\u00e0gina web, generar informes sobre les activitats de la p\u00e0gina i oferir al propietari de la p\u00e0gina serveis relacionats amb l&#8217;\u00fas web i Internet. L&#8217;adre\u00e7a IP transmesa pel vostre navegador en el marc de Google Analytics no s&#8217;associar\u00e0 a altres dades de Google. L&#8217;usuari pot evitar l&#8217;emmagatzematge de galetes configurant el navegador corresponentment de manera que no s&#8217;emmagatzemin les galetes. Aquesta configuraci\u00f3 pot afectar la plena funcionalitat de la p\u00e0gina web. Amb l\u00fas daquesta web, lusuari est\u00e0 dacord amb el processament de dades per Google de la forma anteriorment esmentada. L&#8217;usuari tamb\u00e9 pot evitar el registre de les dades generades per les cookies i de les relacionades amb l&#8217;\u00fas de la p\u00e0gina web (inclosa l&#8217;adre\u00e7a IP), aix\u00ed com el processament de les mateixes descarregant i instal\u00b7lant el seg\u00fcent plugin per al navegador disponible a trav\u00e9s d&#8217;aquest link: http:\/\/tools.google.com\/dlpage\/gaoptout<\/p>\t\t\t\t\t\t\t\t<\/div>\n\t\t\t\t<\/div>\n\t\t\t\t<div class=\"elementor-element elementor-element-58abb40 elementor-widget elementor-widget-text-editor\" data-id=\"58abb40\" data-element_type=\"widget\" data-widget_type=\"text-editor.default\">\n\t\t\t\t<div class=\"elementor-widget-container\">\n\t\t\t\t\t\t\t\t\t<p>M\u00e9s informaci\u00f3 sobre els termes i les condicions d&#8217;\u00fas i la pol\u00edtica de privadesa en les condicions d&#8217;\u00fas de Google Analytics o en les condicions generals de Google Analytics. Tingueu en compte que en aquesta p\u00e0gina el codi de Google analytics inclou l&#8217;etiqueta &#8220;gat._anonymizeIp();&#8221;, que assegura la recol\u00b7lecci\u00f3 d&#8217;adreces IP de forma an\u00f2nima (m\u00e0scara d&#8217;IP).<\/p>\t\t\t\t\t\t\t\t<\/div>\n\t\t\t\t<\/div>\n\t\t\t\t\t<\/div>\n\t\t\t\t<\/div>\n\t\t\t\t<\/div>\n\t\t","protected":false},"excerpt":{"rendered":"<p>Pol\u00edtica de cookies Gemma Borrellas Masip, a trav\u00e9s del present document, recull la seva Pol\u00edtica de recollida i tractament de cookies, en compliment del que disposa l&#8217;article 22.2 de la Llei 34\/2002, d&#8217;11 de juliol, de serveis de la societat de la informaci\u00f3 i de&#8230;<\/p>\n","protected":false},"author":1,"featured_media":0,"parent":0,"menu_order":0,"comment_status":"closed","ping_status":"closed","template":"","meta":{"_monsterinsights_skip_tracking":false,"_monsterinsights_sitenote_active":false,"_monsterinsights_sitenote_note":"","_monsterinsights_sitenote_category":0,"_joinchat":[],"footnotes":""},"class_list":["post-15889","page","type-page","status-publish","hentry"],"yoast_head":"<!-- This site is optimized with the Yoast SEO plugin v26.7 - https:\/\/yoast.com\/wordpress\/plugins\/seo\/ -->\n<title>Pol\u00edtica de cookies - Viceversa<\/title>\n<meta name=\"robots\" content=\"noindex, nofollow\" \/>\n<meta property=\"og:locale\" content=\"ca_ES\" \/>\n<meta property=\"og:type\" content=\"article\" \/>\n<meta property=\"og:title\" content=\"Pol\u00edtica de cookies - Viceversa\" \/>\n<meta property=\"og:description\" content=\"Pol\u00edtica de cookies Gemma Borrellas Masip, a trav\u00e9s del present document, recull la seva Pol\u00edtica de recollida i tractament de cookies, en compliment del que disposa l&#8217;article 22.2 de la Llei 34\/2002, d&#8217;11 de juliol, de serveis de la societat de la informaci\u00f3 i de...\" \/>\n<meta property=\"og:url\" content=\"https:\/\/www.viceversabcn.org\/ca\/politica-de-cookies\/\" \/>\n<meta property=\"og:site_name\" content=\"Viceversa\" \/>\n<meta property=\"article:modified_time\" content=\"2026-03-19T10:51:31+00:00\" \/>\n<meta name=\"twitter:card\" content=\"summary_large_image\" \/>\n<meta name=\"twitter:label1\" content=\"Temps estimat de lectura\" \/>\n\t<meta name=\"twitter:data1\" content=\"5 minuts\" \/>\n<script type=\"application\/ld+json\" class=\"yoast-schema-graph\">{\"@context\":\"https:\/\/schema.org\",\"@graph\":[{\"@type\":\"WebPage\",\"@id\":\"https:\/\/www.viceversabcn.org\/ca\/politica-de-cookies\/\",\"url\":\"https:\/\/www.viceversabcn.org\/ca\/politica-de-cookies\/\",\"name\":\"Pol\u00edtica de cookies - Viceversa\",\"isPartOf\":{\"@id\":\"https:\/\/www.viceversabcn.org\/ca\/#website\"},\"datePublished\":\"2025-01-16T16:37:09+00:00\",\"dateModified\":\"2026-03-19T10:51:31+00:00\",\"breadcrumb\":{\"@id\":\"https:\/\/www.viceversabcn.org\/ca\/politica-de-cookies\/#breadcrumb\"},\"inLanguage\":\"ca\",\"potentialAction\":[{\"@type\":\"ReadAction\",\"target\":[\"https:\/\/www.viceversabcn.org\/ca\/politica-de-cookies\/\"]}]},{\"@type\":\"BreadcrumbList\",\"@id\":\"https:\/\/www.viceversabcn.org\/ca\/politica-de-cookies\/#breadcrumb\",\"itemListElement\":[{\"@type\":\"ListItem\",\"position\":1,\"name\":\"Home\",\"item\":\"https:\/\/www.viceversabcn.org\/ca\/inici\/\"},{\"@type\":\"ListItem\",\"position\":2,\"name\":\"Pol\u00edtica de cookies\"}]},{\"@type\":\"WebSite\",\"@id\":\"https:\/\/www.viceversabcn.org\/ca\/#website\",\"url\":\"https:\/\/www.viceversabcn.org\/ca\/\",\"name\":\"Viceversa\",\"description\":\"Viceversa es un espacio multidisciplinar, art\u00edstico y terap\u00e9utico, donde el cuerpo y el sentir son el punto de partida para crear comunidad.\",\"publisher\":{\"@id\":\"https:\/\/www.viceversabcn.org\/ca\/#organization\"},\"potentialAction\":[{\"@type\":\"SearchAction\",\"target\":{\"@type\":\"EntryPoint\",\"urlTemplate\":\"https:\/\/www.viceversabcn.org\/ca\/?s={search_term_string}\"},\"query-input\":{\"@type\":\"PropertyValueSpecification\",\"valueRequired\":true,\"valueName\":\"search_term_string\"}}],\"inLanguage\":\"ca\"},{\"@type\":\"Organization\",\"@id\":\"https:\/\/www.viceversabcn.org\/ca\/#organization\",\"name\":\"Viceversa\",\"url\":\"https:\/\/www.viceversabcn.org\/ca\/\",\"logo\":{\"@type\":\"ImageObject\",\"inLanguage\":\"ca\",\"@id\":\"https:\/\/www.viceversabcn.org\/ca\/#\/schema\/logo\/image\/\",\"url\":\"https:\/\/www.viceversabcn.org\/wp-content\/uploads\/2025\/07\/viceversa-logo-v3.png\",\"contentUrl\":\"https:\/\/www.viceversabcn.org\/wp-content\/uploads\/2025\/07\/viceversa-logo-v3.png\",\"width\":567,\"height\":142,\"caption\":\"Viceversa\"},\"image\":{\"@id\":\"https:\/\/www.viceversabcn.org\/ca\/#\/schema\/logo\/image\/\"}}]}<\/script>\n<!-- \/ Yoast SEO plugin. -->","yoast_head_json":{"title":"Pol\u00edtica de cookies - Viceversa","robots":{"index":"noindex","follow":"nofollow"},"og_locale":"ca_ES","og_type":"article","og_title":"Pol\u00edtica de cookies - Viceversa","og_description":"Pol\u00edtica de cookies Gemma Borrellas Masip, a trav\u00e9s del present document, recull la seva Pol\u00edtica de recollida i tractament de cookies, en compliment del que disposa l&#8217;article 22.2 de la Llei 34\/2002, d&#8217;11 de juliol, de serveis de la societat de la informaci\u00f3 i de...","og_url":"https:\/\/www.viceversabcn.org\/ca\/politica-de-cookies\/","og_site_name":"Viceversa","article_modified_time":"2026-03-19T10:51:31+00:00","twitter_card":"summary_large_image","twitter_misc":{"Temps estimat de lectura":"5 minuts"},"schema":{"@context":"https:\/\/schema.org","@graph":[{"@type":"WebPage","@id":"https:\/\/www.viceversabcn.org\/ca\/politica-de-cookies\/","url":"https:\/\/www.viceversabcn.org\/ca\/politica-de-cookies\/","name":"Pol\u00edtica de cookies - Viceversa","isPartOf":{"@id":"https:\/\/www.viceversabcn.org\/ca\/#website"},"datePublished":"2025-01-16T16:37:09+00:00","dateModified":"2026-03-19T10:51:31+00:00","breadcrumb":{"@id":"https:\/\/www.viceversabcn.org\/ca\/politica-de-cookies\/#breadcrumb"},"inLanguage":"ca","potentialAction":[{"@type":"ReadAction","target":["https:\/\/www.viceversabcn.org\/ca\/politica-de-cookies\/"]}]},{"@type":"BreadcrumbList","@id":"https:\/\/www.viceversabcn.org\/ca\/politica-de-cookies\/#breadcrumb","itemListElement":[{"@type":"ListItem","position":1,"name":"Home","item":"https:\/\/www.viceversabcn.org\/ca\/inici\/"},{"@type":"ListItem","position":2,"name":"Pol\u00edtica de cookies"}]},{"@type":"WebSite","@id":"https:\/\/www.viceversabcn.org\/ca\/#website","url":"https:\/\/www.viceversabcn.org\/ca\/","name":"Viceversa","description":"Viceversa es un espacio multidisciplinar, art\u00edstico y terap\u00e9utico, donde el cuerpo y el sentir son el punto de partida para crear comunidad.","publisher":{"@id":"https:\/\/www.viceversabcn.org\/ca\/#organization"},"potentialAction":[{"@type":"SearchAction","target":{"@type":"EntryPoint","urlTemplate":"https:\/\/www.viceversabcn.org\/ca\/?s={search_term_string}"},"query-input":{"@type":"PropertyValueSpecification","valueRequired":true,"valueName":"search_term_string"}}],"inLanguage":"ca"},{"@type":"Organization","@id":"https:\/\/www.viceversabcn.org\/ca\/#organization","name":"Viceversa","url":"https:\/\/www.viceversabcn.org\/ca\/","logo":{"@type":"ImageObject","inLanguage":"ca","@id":"https:\/\/www.viceversabcn.org\/ca\/#\/schema\/logo\/image\/","url":"https:\/\/www.viceversabcn.org\/wp-content\/uploads\/2025\/07\/viceversa-logo-v3.png","contentUrl":"https:\/\/www.viceversabcn.org\/wp-content\/uploads\/2025\/07\/viceversa-logo-v3.png","width":567,"height":142,"caption":"Viceversa"},"image":{"@id":"https:\/\/www.viceversabcn.org\/ca\/#\/schema\/logo\/image\/"}}]}},"_links":{"self":[{"href":"https:\/\/www.viceversabcn.org\/ca\/wp-json\/wp\/v2\/pages\/15889","targetHints":{"allow":["GET"]}}],"collection":[{"href":"https:\/\/www.viceversabcn.org\/ca\/wp-json\/wp\/v2\/pages"}],"about":[{"href":"https:\/\/www.viceversabcn.org\/ca\/wp-json\/wp\/v2\/types\/page"}],"author":[{"embeddable":true,"href":"https:\/\/www.viceversabcn.org\/ca\/wp-json\/wp\/v2\/users\/1"}],"replies":[{"embeddable":true,"href":"https:\/\/www.viceversabcn.org\/ca\/wp-json\/wp\/v2\/comments?post=15889"}],"version-history":[{"count":1,"href":"https:\/\/www.viceversabcn.org\/ca\/wp-json\/wp\/v2\/pages\/15889\/revisions"}],"predecessor-version":[{"id":15890,"href":"https:\/\/www.viceversabcn.org\/ca\/wp-json\/wp\/v2\/pages\/15889\/revisions\/15890"}],"wp:attachment":[{"href":"https:\/\/www.viceversabcn.org\/ca\/wp-json\/wp\/v2\/media?parent=15889"}],"curies":[{"name":"wp","href":"https:\/\/api.w.org\/{rel}","templated":true}]}}