{"id":15891,"date":"2025-01-16T17:37:21","date_gmt":"2025-01-16T16:37:21","guid":{"rendered":"https:\/\/www.viceversabcn.org\/avis-legal\/"},"modified":"2026-03-19T12:13:18","modified_gmt":"2026-03-19T11:13:18","slug":"avis-legal","status":"publish","type":"page","link":"https:\/\/www.viceversabcn.org\/ca\/avis-legal\/","title":{"rendered":"Av\u00eds legal"},"content":{"rendered":"\t\t<div data-elementor-type=\"wp-page\" data-elementor-id=\"15891\" class=\"elementor elementor-15891 elementor-14764\">\n\t\t\t\t<div class=\"elementor-element elementor-element-454cd05e e-flex e-con-boxed parallax_section_no qode_elementor_container_no e-con e-parent\" data-id=\"454cd05e\" data-element_type=\"container\">\n\t\t\t\t\t<div class=\"e-con-inner\">\n\t\t\t\t<div class=\"elementor-element elementor-element-78d330b elementor-widget elementor-widget-heading\" data-id=\"78d330b\" data-element_type=\"widget\" data-widget_type=\"heading.default\">\n\t\t\t\t<div class=\"elementor-widget-container\">\n\t\t\t\t\t<h1 class=\"elementor-heading-title elementor-size-default\">Av\u00eds legal<\/h1>\t\t\t\t<\/div>\n\t\t\t\t<\/div>\n\t\t\t\t<div class=\"elementor-element elementor-element-31958c9d elementor-widget elementor-widget-text-editor\" data-id=\"31958c9d\" data-element_type=\"widget\" data-widget_type=\"text-editor.default\">\n\t\t\t\t<div class=\"elementor-widget-container\">\n\t\t\t\t\t\t\t\t\t<p>En compliment de l&#8217;article 10 de la Llei 34\/2002, de 11 de juliol, de Serveis de la Societat de la Informaci\u00f3 i Comer\u00e7 Electr\u00f2nic (LSSI-CE) a continuaci\u00f3 es detallen les dades identificatives del propietari:<\/p>\t\t\t\t\t\t\t\t<\/div>\n\t\t\t\t<\/div>\n\t\t\t\t<div class=\"elementor-element elementor-element-feede6d elementor-widget elementor-widget-text-editor\" data-id=\"feede6d\" data-element_type=\"widget\" data-widget_type=\"text-editor.default\">\n\t\t\t\t<div class=\"elementor-widget-container\">\n\t\t\t\t\t\t\t\t\t<p>Ra\u00f3 social: Gemma Borrellas Masip<br> Adre\u00e7a: Pg. de St. Joan, 30, L&#8217;Eixample, 08010 Barcelona<br> Tel\u00e8fon: 628848607<br> Email: hola@viceversabcn.org<\/p>\t\t\t\t\t\t\t\t<\/div>\n\t\t\t\t<\/div>\n\t\t\t\t<div class=\"elementor-element elementor-element-7b1f3e7 elementor-widget elementor-widget-text-editor\" data-id=\"7b1f3e7\" data-element_type=\"widget\" data-widget_type=\"text-editor.default\">\n\t\t\t\t<div class=\"elementor-widget-container\">\n\t\t\t\t\t\t\t\t\t<p><strong>FINALITAT DE LA P\u00c0GINA WEB<\/strong><\/p>\t\t\t\t\t\t\t\t<\/div>\n\t\t\t\t<\/div>\n\t\t\t\t<div class=\"elementor-element elementor-element-535f681 elementor-widget elementor-widget-text-editor\" data-id=\"535f681\" data-element_type=\"widget\" data-widget_type=\"text-editor.default\">\n\t\t\t\t<div class=\"elementor-widget-container\">\n\t\t\t\t\t\t\t\t\t<p>La finalitat d&#8217;aquesta web \u00e9s atendre les vostres consultes i peticions.<\/p>\t\t\t\t\t\t\t\t<\/div>\n\t\t\t\t<\/div>\n\t\t\t\t<div class=\"elementor-element elementor-element-6720b1c elementor-widget elementor-widget-text-editor\" data-id=\"6720b1c\" data-element_type=\"widget\" data-widget_type=\"text-editor.default\">\n\t\t\t\t<div class=\"elementor-widget-container\">\n\t\t\t\t\t\t\t\t\t<p>Aquest av\u00eds legal (d&#8217;ara endavant, \u00abAv\u00eds Legal\u00bb) regula l&#8217;\u00fas del lloc web: www.viceversabcn.org<\/p>\t\t\t\t\t\t\t\t<\/div>\n\t\t\t\t<\/div>\n\t\t\t\t<div class=\"elementor-element elementor-element-b0520b9 elementor-widget elementor-widget-text-editor\" data-id=\"b0520b9\" data-element_type=\"widget\" data-widget_type=\"text-editor.default\">\n\t\t\t\t<div class=\"elementor-widget-container\">\n\t\t\t\t\t\t\t\t\t<p><strong>LEGISLACI\u00d3<\/strong><\/p>\t\t\t\t\t\t\t\t<\/div>\n\t\t\t\t<\/div>\n\t\t\t\t<div class=\"elementor-element elementor-element-acceb30 elementor-widget elementor-widget-text-editor\" data-id=\"acceb30\" data-element_type=\"widget\" data-widget_type=\"text-editor.default\">\n\t\t\t\t<div class=\"elementor-widget-container\">\n\t\t\t\t\t\t\t\t\t<p>Amb car\u00e0cter general les relacions entre Gemma Borrellas Masip amb els usuaris dels seus serveis telem\u00e0tics, presents en aquest lloc web, estan sotmeses a la legislaci\u00f3 i jurisdicci\u00f3 espanyoles.<\/p>\t\t\t\t\t\t\t\t<\/div>\n\t\t\t\t<\/div>\n\t\t\t\t<div class=\"elementor-element elementor-element-f028a65 elementor-widget elementor-widget-text-editor\" data-id=\"f028a65\" data-element_type=\"widget\" data-widget_type=\"text-editor.default\">\n\t\t\t\t<div class=\"elementor-widget-container\">\n\t\t\t\t\t\t\t\t\t<p><strong>\u00daS I ACC\u00c9S D&#8217;USUARIS<\/strong><\/p>\t\t\t\t\t\t\t\t<\/div>\n\t\t\t\t<\/div>\n\t\t\t\t<div class=\"elementor-element elementor-element-3d2063b elementor-widget elementor-widget-text-editor\" data-id=\"3d2063b\" data-element_type=\"widget\" data-widget_type=\"text-editor.default\">\n\t\t\t\t<div class=\"elementor-widget-container\">\n\t\t\t\t\t\t\t\t\t<p>L&#8217;Usuari queda informat, i accepta, que l&#8217;acc\u00e9s a aquesta web no suposa, de cap manera, l&#8217;inici d&#8217;una relaci\u00f3 comercial amb Gemma Borrellas Masip o qualsevol altra delegaci\u00f3.<\/p>\t\t\t\t\t\t\t\t<\/div>\n\t\t\t\t<\/div>\n\t\t\t\t<div class=\"elementor-element elementor-element-0a92aa9 elementor-widget elementor-widget-text-editor\" data-id=\"0a92aa9\" data-element_type=\"widget\" data-widget_type=\"text-editor.default\">\n\t\t\t\t<div class=\"elementor-widget-container\">\n\t\t\t\t\t\t\t\t\t<p><strong>PROPIETAT INTEL\u00b7LECTUAL I INDUSTRIAL<\/strong><\/p>\t\t\t\t\t\t\t\t<\/div>\n\t\t\t\t<\/div>\n\t\t\t\t<div class=\"elementor-element elementor-element-187e946 elementor-widget elementor-widget-text-editor\" data-id=\"187e946\" data-element_type=\"widget\" data-widget_type=\"text-editor.default\">\n\t\t\t\t<div class=\"elementor-widget-container\">\n\t\t\t\t\t\t\t\t\t<p>Els drets de propietat intel\u00b7lectual del contingut de les p\u00e0gines web, el seu disseny gr\u00e0fic i codis s\u00f3n titularitat de Gemma Borrellas Masip i, per tant, queda prohibida la seva reproducci\u00f3, distribuci\u00f3, comunicaci\u00f3 p\u00fablica, transformaci\u00f3 o qualsevol altra activitat que es pretengui realitzar amb els continguts de les seves p\u00e0gines web ni per tal de citar-ne les fonts, llevat del consentiment per escrit.<\/p>\t\t\t\t\t\t\t\t<\/div>\n\t\t\t\t<\/div>\n\t\t\t\t<div class=\"elementor-element elementor-element-795deb3 elementor-widget elementor-widget-text-editor\" data-id=\"795deb3\" data-element_type=\"widget\" data-widget_type=\"text-editor.default\">\n\t\t\t\t<div class=\"elementor-widget-container\">\n\t\t\t\t\t\t\t\t\t<p><strong>CONTINGUT DE LA WEB I ENLLA\u00c7OS (LINKS)<\/strong><\/p>\t\t\t\t\t\t\t\t<\/div>\n\t\t\t\t<\/div>\n\t\t\t\t<div class=\"elementor-element elementor-element-ee7cf7d elementor-widget elementor-widget-text-editor\" data-id=\"ee7cf7d\" data-element_type=\"widget\" data-widget_type=\"text-editor.default\">\n\t\t\t\t<div class=\"elementor-widget-container\">\n\t\t\t\t\t\t\t\t\t<p>Gemma Borrellas Masip es reserva el dret d&#8217;actualitzar, modificar o eliminar la informaci\u00f3 continguda a les vostres p\u00e0gines web podent limitar o no permetre l&#8217;acc\u00e9s a aquesta informaci\u00f3 a certs usuaris.<\/p>\t\t\t\t\t\t\t\t<\/div>\n\t\t\t\t<\/div>\n\t\t\t\t<div class=\"elementor-element elementor-element-619e61c elementor-widget elementor-widget-text-editor\" data-id=\"619e61c\" data-element_type=\"widget\" data-widget_type=\"text-editor.default\">\n\t\t\t\t<div class=\"elementor-widget-container\">\n\t\t\t\t\t\t\t\t\t<p>Gemma Borrellas Masip no assumeix cap responsabilitat per la informaci\u00f3 continguda en p\u00e0gines web de tercers a les quals es pugui accedir per \u00ablinks\u00bb o enlla\u00e7os des de qualsevol p\u00e0gina web propietat de Gemma Borrellas Masip. La pres\u00e8ncia de links o enlla\u00e7os a les p\u00e0gines t\u00e9 finalitat merament informativa i, si escau, suposa suggeriment, invitaci\u00f3 o recomanaci\u00f3.<\/p>\t\t\t\t\t\t\t\t<\/div>\n\t\t\t\t<\/div>\n\t\t\t\t<div class=\"elementor-element elementor-element-55f3243 elementor-widget elementor-widget-text-editor\" data-id=\"55f3243\" data-element_type=\"widget\" data-widget_type=\"text-editor.default\">\n\t\t\t\t<div class=\"elementor-widget-container\">\n\t\t\t\t\t\t\t\t\t<p><strong>ACCESSIBILITAT<\/strong><\/p>\t\t\t\t\t\t\t\t<\/div>\n\t\t\t\t<\/div>\n\t\t\t\t<div class=\"elementor-element elementor-element-47b8d4e elementor-widget elementor-widget-text-editor\" data-id=\"47b8d4e\" data-element_type=\"widget\" data-widget_type=\"text-editor.default\">\n\t\t\t\t<div class=\"elementor-widget-container\">\n\t\t\t\t\t\t\t\t\t<p>Ens hem comprom\u00e8s a fer accessible el nostre lloc web complint el nivell AA de les Pautes WCAG-2.1.<\/p>\t\t\t\t\t\t\t\t<\/div>\n\t\t\t\t<\/div>\n\t\t\t\t<div class=\"elementor-element elementor-element-1e03fcb elementor-widget elementor-widget-text-editor\" data-id=\"1e03fcb\" data-element_type=\"widget\" data-widget_type=\"text-editor.default\">\n\t\t\t\t<div class=\"elementor-widget-container\">\n\t\t\t\t\t\t\t\t\t<p>Aquesta declaraci\u00f3 d&#8217;accessibilitat s&#8217;aplica a aquest lloc web.<\/p>\t\t\t\t\t\t\t\t<\/div>\n\t\t\t\t<\/div>\n\t\t\t\t<div class=\"elementor-element elementor-element-1712264 elementor-widget elementor-widget-text-editor\" data-id=\"1712264\" data-element_type=\"widget\" data-widget_type=\"text-editor.default\">\n\t\t\t\t<div class=\"elementor-widget-container\">\n\t\t\t\t\t\t\t\t\t<p><strong>Contingut no accessible<\/strong><\/p>\t\t\t\t\t\t\t\t<\/div>\n\t\t\t\t<\/div>\n\t\t\t\t<div class=\"elementor-element elementor-element-32752fd elementor-widget elementor-widget-text-editor\" data-id=\"32752fd\" data-element_type=\"widget\" data-widget_type=\"text-editor.default\">\n\t\t\t\t<div class=\"elementor-widget-container\">\n\t\t\t\t\t\t\t\t\t<p>Podrien existir documents ofim\u00e0tics en PDF i altres formats publicats posteriorment al 20 de setembre de 2018 que no compleixin totalment els requisits d&#8217;accessibilitat.<br> Podrien existir errors de codi puntuals dedici\u00f3 en alguna p\u00e0gina web.<\/p>\t\t\t\t\t\t\t\t<\/div>\n\t\t\t\t<\/div>\n\t\t\t\t<div class=\"elementor-element elementor-element-3db5ae1 elementor-widget elementor-widget-text-editor\" data-id=\"3db5ae1\" data-element_type=\"widget\" data-widget_type=\"text-editor.default\">\n\t\t\t\t<div class=\"elementor-widget-container\">\n\t\t\t\t\t\t\t\t\t<p><strong>Preparaci\u00f3 per a la seg\u00fcent declaraci\u00f3 d&#8217;accessibilitat<\/strong><\/p>\t\t\t\t\t\t\t\t<\/div>\n\t\t\t\t<\/div>\n\t\t\t\t<div class=\"elementor-element elementor-element-8e40cec elementor-widget elementor-widget-text-editor\" data-id=\"8e40cec\" data-element_type=\"widget\" data-widget_type=\"text-editor.default\">\n\t\t\t\t<div class=\"elementor-widget-container\">\n\t\t\t\t\t\t\t\t\t<p>Aquesta declaraci\u00f3 va ser preparada amb un m\u00e8tode d&#8217;autoavaluaci\u00f3 el 05 de mar\u00e7 del 2025.<\/p>\t\t\t\t\t\t\t\t<\/div>\n\t\t\t\t<\/div>\n\t\t\t\t<div class=\"elementor-element elementor-element-b7e9c69 elementor-widget elementor-widget-text-editor\" data-id=\"b7e9c69\" data-element_type=\"widget\" data-widget_type=\"text-editor.default\">\n\t\t\t\t<div class=\"elementor-widget-container\">\n\t\t\t\t\t\t\t\t\t<p><strong>Observacions i dades de contacte<\/strong><\/p>\t\t\t\t\t\t\t\t<\/div>\n\t\t\t\t<\/div>\n\t\t\t\t<div class=\"elementor-element elementor-element-8bf558b elementor-widget elementor-widget-text-editor\" data-id=\"8bf558b\" data-element_type=\"widget\" data-widget_type=\"text-editor.default\">\n\t\t\t\t<div class=\"elementor-widget-container\">\n\t\t\t\t\t\t\t\t\t<p>Podeu fer comunicacions sobre requisits d&#8217;accessibilitat mitjan\u00e7ant el formulari de contacte d&#8217;aquest lloc web o mitjan\u00e7ant el correu de contacte.<\/p>\t\t\t\t\t\t\t\t<\/div>\n\t\t\t\t<\/div>\n\t\t\t\t<div class=\"elementor-element elementor-element-614c4b7 elementor-widget elementor-widget-text-editor\" data-id=\"614c4b7\" data-element_type=\"widget\" data-widget_type=\"text-editor.default\">\n\t\t\t\t<div class=\"elementor-widget-container\">\n\t\t\t\t\t\t\t\t\t<p>A la Sol\u00b7licitud d&#8217;informaci\u00f3 accessible, cal concretar, amb tota claredat, els fets, les raons i la petici\u00f3 que permetin constatar que es tracta d&#8217;una sol\u00b7licitud raonable i leg\u00edtima.<\/p>\t\t\t\t\t\t\t\t<\/div>\n\t\t\t\t<\/div>\n\t\t\t\t<div class=\"elementor-element elementor-element-088054a elementor-widget elementor-widget-text-editor\" data-id=\"088054a\" data-element_type=\"widget\" data-widget_type=\"text-editor.default\">\n\t\t\t\t<div class=\"elementor-widget-container\">\n\t\t\t\t\t\t\t\t\t<p>Les aplicaci\u00f3 de les reclamacions sobre accessibilitat es tindran en compte i possiblement quedaran aplicades en properes actualitzacions.<\/p>\t\t\t\t\t\t\t\t<\/div>\n\t\t\t\t<\/div>\n\t\t\t\t\t<\/div>\n\t\t\t\t<\/div>\n\t\t\t\t<\/div>\n\t\t","protected":false},"excerpt":{"rendered":"<p>Av\u00eds legal En compliment de l&#8217;article 10 de la Llei 34\/2002, de 11 de juliol, de Serveis de la Societat de la Informaci\u00f3 i Comer\u00e7 Electr\u00f2nic (LSSI-CE) a continuaci\u00f3 es detallen les dades identificatives del propietari: Ra\u00f3 social: Gemma Borrellas Masip Adre\u00e7a: Pg. de St&#8230;.<\/p>\n","protected":false},"author":1,"featured_media":0,"parent":0,"menu_order":0,"comment_status":"closed","ping_status":"closed","template":"","meta":{"_monsterinsights_skip_tracking":false,"_monsterinsights_sitenote_active":false,"_monsterinsights_sitenote_note":"","_monsterinsights_sitenote_category":0,"_joinchat":[],"footnotes":""},"class_list":["post-15891","page","type-page","status-publish","hentry"],"yoast_head":"<!-- This site is optimized with the Yoast SEO plugin v26.7 - https:\/\/yoast.com\/wordpress\/plugins\/seo\/ -->\n<title>Av\u00eds legal - Viceversa<\/title>\n<meta name=\"robots\" content=\"noindex, nofollow\" \/>\n<meta property=\"og:locale\" content=\"ca_ES\" \/>\n<meta property=\"og:type\" content=\"article\" \/>\n<meta property=\"og:title\" content=\"Av\u00eds legal - Viceversa\" \/>\n<meta property=\"og:description\" content=\"Av\u00eds legal En compliment de l&#8217;article 10 de la Llei 34\/2002, de 11 de juliol, de Serveis de la Societat de la Informaci\u00f3 i Comer\u00e7 Electr\u00f2nic (LSSI-CE) a continuaci\u00f3 es detallen les dades identificatives del propietari: Ra\u00f3 social: Gemma Borrellas Masip Adre\u00e7a: Pg. de St....\" \/>\n<meta property=\"og:url\" content=\"https:\/\/www.viceversabcn.org\/ca\/avis-legal\/\" \/>\n<meta property=\"og:site_name\" content=\"Viceversa\" \/>\n<meta property=\"article:modified_time\" content=\"2026-03-19T11:13:18+00:00\" \/>\n<meta name=\"twitter:card\" content=\"summary_large_image\" \/>\n<meta name=\"twitter:label1\" content=\"Temps estimat de lectura\" \/>\n\t<meta name=\"twitter:data1\" content=\"2 minuts\" \/>\n<script type=\"application\/ld+json\" class=\"yoast-schema-graph\">{\"@context\":\"https:\/\/schema.org\",\"@graph\":[{\"@type\":\"WebPage\",\"@id\":\"https:\/\/www.viceversabcn.org\/ca\/avis-legal\/\",\"url\":\"https:\/\/www.viceversabcn.org\/ca\/avis-legal\/\",\"name\":\"Av\u00eds legal - Viceversa\",\"isPartOf\":{\"@id\":\"https:\/\/www.viceversabcn.org\/ca\/#website\"},\"datePublished\":\"2025-01-16T16:37:21+00:00\",\"dateModified\":\"2026-03-19T11:13:18+00:00\",\"breadcrumb\":{\"@id\":\"https:\/\/www.viceversabcn.org\/ca\/avis-legal\/#breadcrumb\"},\"inLanguage\":\"ca\",\"potentialAction\":[{\"@type\":\"ReadAction\",\"target\":[\"https:\/\/www.viceversabcn.org\/ca\/avis-legal\/\"]}]},{\"@type\":\"BreadcrumbList\",\"@id\":\"https:\/\/www.viceversabcn.org\/ca\/avis-legal\/#breadcrumb\",\"itemListElement\":[{\"@type\":\"ListItem\",\"position\":1,\"name\":\"Home\",\"item\":\"https:\/\/www.viceversabcn.org\/ca\/inici\/\"},{\"@type\":\"ListItem\",\"position\":2,\"name\":\"Av\u00eds legal\"}]},{\"@type\":\"WebSite\",\"@id\":\"https:\/\/www.viceversabcn.org\/ca\/#website\",\"url\":\"https:\/\/www.viceversabcn.org\/ca\/\",\"name\":\"Viceversa\",\"description\":\"Viceversa es un espacio multidisciplinar, art\u00edstico y terap\u00e9utico, donde el cuerpo y el sentir son el punto de partida para crear comunidad.\",\"publisher\":{\"@id\":\"https:\/\/www.viceversabcn.org\/ca\/#organization\"},\"potentialAction\":[{\"@type\":\"SearchAction\",\"target\":{\"@type\":\"EntryPoint\",\"urlTemplate\":\"https:\/\/www.viceversabcn.org\/ca\/?s={search_term_string}\"},\"query-input\":{\"@type\":\"PropertyValueSpecification\",\"valueRequired\":true,\"valueName\":\"search_term_string\"}}],\"inLanguage\":\"ca\"},{\"@type\":\"Organization\",\"@id\":\"https:\/\/www.viceversabcn.org\/ca\/#organization\",\"name\":\"Viceversa\",\"url\":\"https:\/\/www.viceversabcn.org\/ca\/\",\"logo\":{\"@type\":\"ImageObject\",\"inLanguage\":\"ca\",\"@id\":\"https:\/\/www.viceversabcn.org\/ca\/#\/schema\/logo\/image\/\",\"url\":\"https:\/\/www.viceversabcn.org\/wp-content\/uploads\/2025\/07\/viceversa-logo-v3.png\",\"contentUrl\":\"https:\/\/www.viceversabcn.org\/wp-content\/uploads\/2025\/07\/viceversa-logo-v3.png\",\"width\":567,\"height\":142,\"caption\":\"Viceversa\"},\"image\":{\"@id\":\"https:\/\/www.viceversabcn.org\/ca\/#\/schema\/logo\/image\/\"}}]}<\/script>\n<!-- \/ Yoast SEO plugin. -->","yoast_head_json":{"title":"Av\u00eds legal - Viceversa","robots":{"index":"noindex","follow":"nofollow"},"og_locale":"ca_ES","og_type":"article","og_title":"Av\u00eds legal - Viceversa","og_description":"Av\u00eds legal En compliment de l&#8217;article 10 de la Llei 34\/2002, de 11 de juliol, de Serveis de la Societat de la Informaci\u00f3 i Comer\u00e7 Electr\u00f2nic (LSSI-CE) a continuaci\u00f3 es detallen les dades identificatives del propietari: Ra\u00f3 social: Gemma Borrellas Masip Adre\u00e7a: Pg. de St....","og_url":"https:\/\/www.viceversabcn.org\/ca\/avis-legal\/","og_site_name":"Viceversa","article_modified_time":"2026-03-19T11:13:18+00:00","twitter_card":"summary_large_image","twitter_misc":{"Temps estimat de lectura":"2 minuts"},"schema":{"@context":"https:\/\/schema.org","@graph":[{"@type":"WebPage","@id":"https:\/\/www.viceversabcn.org\/ca\/avis-legal\/","url":"https:\/\/www.viceversabcn.org\/ca\/avis-legal\/","name":"Av\u00eds legal - Viceversa","isPartOf":{"@id":"https:\/\/www.viceversabcn.org\/ca\/#website"},"datePublished":"2025-01-16T16:37:21+00:00","dateModified":"2026-03-19T11:13:18+00:00","breadcrumb":{"@id":"https:\/\/www.viceversabcn.org\/ca\/avis-legal\/#breadcrumb"},"inLanguage":"ca","potentialAction":[{"@type":"ReadAction","target":["https:\/\/www.viceversabcn.org\/ca\/avis-legal\/"]}]},{"@type":"BreadcrumbList","@id":"https:\/\/www.viceversabcn.org\/ca\/avis-legal\/#breadcrumb","itemListElement":[{"@type":"ListItem","position":1,"name":"Home","item":"https:\/\/www.viceversabcn.org\/ca\/inici\/"},{"@type":"ListItem","position":2,"name":"Av\u00eds legal"}]},{"@type":"WebSite","@id":"https:\/\/www.viceversabcn.org\/ca\/#website","url":"https:\/\/www.viceversabcn.org\/ca\/","name":"Viceversa","description":"Viceversa es un espacio multidisciplinar, art\u00edstico y terap\u00e9utico, donde el cuerpo y el sentir son el punto de partida para crear comunidad.","publisher":{"@id":"https:\/\/www.viceversabcn.org\/ca\/#organization"},"potentialAction":[{"@type":"SearchAction","target":{"@type":"EntryPoint","urlTemplate":"https:\/\/www.viceversabcn.org\/ca\/?s={search_term_string}"},"query-input":{"@type":"PropertyValueSpecification","valueRequired":true,"valueName":"search_term_string"}}],"inLanguage":"ca"},{"@type":"Organization","@id":"https:\/\/www.viceversabcn.org\/ca\/#organization","name":"Viceversa","url":"https:\/\/www.viceversabcn.org\/ca\/","logo":{"@type":"ImageObject","inLanguage":"ca","@id":"https:\/\/www.viceversabcn.org\/ca\/#\/schema\/logo\/image\/","url":"https:\/\/www.viceversabcn.org\/wp-content\/uploads\/2025\/07\/viceversa-logo-v3.png","contentUrl":"https:\/\/www.viceversabcn.org\/wp-content\/uploads\/2025\/07\/viceversa-logo-v3.png","width":567,"height":142,"caption":"Viceversa"},"image":{"@id":"https:\/\/www.viceversabcn.org\/ca\/#\/schema\/logo\/image\/"}}]}},"_links":{"self":[{"href":"https:\/\/www.viceversabcn.org\/ca\/wp-json\/wp\/v2\/pages\/15891","targetHints":{"allow":["GET"]}}],"collection":[{"href":"https:\/\/www.viceversabcn.org\/ca\/wp-json\/wp\/v2\/pages"}],"about":[{"href":"https:\/\/www.viceversabcn.org\/ca\/wp-json\/wp\/v2\/types\/page"}],"author":[{"embeddable":true,"href":"https:\/\/www.viceversabcn.org\/ca\/wp-json\/wp\/v2\/users\/1"}],"replies":[{"embeddable":true,"href":"https:\/\/www.viceversabcn.org\/ca\/wp-json\/wp\/v2\/comments?post=15891"}],"version-history":[{"count":3,"href":"https:\/\/www.viceversabcn.org\/ca\/wp-json\/wp\/v2\/pages\/15891\/revisions"}],"predecessor-version":[{"id":15960,"href":"https:\/\/www.viceversabcn.org\/ca\/wp-json\/wp\/v2\/pages\/15891\/revisions\/15960"}],"wp:attachment":[{"href":"https:\/\/www.viceversabcn.org\/ca\/wp-json\/wp\/v2\/media?parent=15891"}],"curies":[{"name":"wp","href":"https:\/\/api.w.org\/{rel}","templated":true}]}}