{"id":15905,"date":"2025-01-17T14:03:26","date_gmt":"2025-01-17T13:03:26","guid":{"rendered":"https:\/\/www.viceversabcn.org\/lloguer-despais\/"},"modified":"2026-03-19T11:53:50","modified_gmt":"2026-03-19T10:53:50","slug":"lloguer-despais","status":"publish","type":"page","link":"https:\/\/www.viceversabcn.org\/ca\/lloguer-despais\/","title":{"rendered":"Lloguer d&#8217;espais"},"content":{"rendered":"\t\t<div data-elementor-type=\"wp-page\" data-elementor-id=\"15905\" class=\"elementor elementor-15905 elementor-14836\">\n\t\t\t\t<div class=\"elementor-element elementor-element-4cbeed1 e-flex e-con-boxed parallax_section_no qode_elementor_container_no e-con e-parent\" data-id=\"4cbeed1\" data-element_type=\"container\">\n\t\t\t\t\t<div class=\"e-con-inner\">\n\t\t<div class=\"elementor-element elementor-element-b7bf21c e-con-full e-flex parallax_section_no qode_elementor_container_no e-con e-child\" data-id=\"b7bf21c\" data-element_type=\"container\">\n\t\t\t\t<\/div>\n\t\t<div class=\"elementor-element elementor-element-3bedb60 e-con-full e-flex parallax_section_no qode_elementor_container_no e-con e-child\" data-id=\"3bedb60\" data-element_type=\"container\">\n\t\t\t\t<div class=\"elementor-element elementor-element-b3b052f elementor-widget elementor-widget-bridge_custom_font\" data-id=\"b3b052f\" data-element_type=\"widget\" data-widget_type=\"bridge_custom_font.default\">\n\t\t\t\t<div class=\"elementor-widget-container\">\n\t\t\t\t\t<div class=\"custom_font_holder viceversa-subtitle\" style=\" font-style: normal; font-weight: 400; color: #000000; text-decoration: none; text-align: left; --qode-cf-font-size: 14px; --qode-cf-line-height: 26px; --qode-cf-font-size-1440: 14px; --qode-cf-line-height-1440: 26px; --qode-cf-font-size-1366: 14px; --qode-cf-line-height-1366: 26px; --qode-cf-font-size-1280: 14px; --qode-cf-line-height-1280: 26px; --qode-cf-font-size-1024: 14px; --qode-cf-line-height-1024: 26px; --qode-cf-font-size-768: 14px; --qode-cf-line-height-768: 26px; --qode-cf-font-size-680: 14px; --qode-cf-line-height-680: 26px; --qode-cf-font-size-480: 14px; --qode-cf-line-height-480: 26px;\">Un espai per crear i connectar<\/div>\t\t\t\t<\/div>\n\t\t\t\t<\/div>\n\t\t\t\t<div class=\"elementor-element elementor-element-4bb5ab7 elementor-widget elementor-widget-text-editor\" data-id=\"4bb5ab7\" data-element_type=\"widget\" data-widget_type=\"text-editor.default\">\n\t\t\t\t<div class=\"elementor-widget-container\">\n\t\t\t\t\t\t\t\t\t<h1><span style=\"color: #d13a05;\">Pots llogar els nostres espais per a les teves activitats<\/span><\/h1>\t\t\t\t\t\t\t\t<\/div>\n\t\t\t\t<\/div>\n\t\t\t\t<div class=\"elementor-element elementor-element-56481f3 elementor-widget__width-initial elementor-widget elementor-widget-text-editor\" data-id=\"56481f3\" data-element_type=\"widget\" data-widget_type=\"text-editor.default\">\n\t\t\t\t<div class=\"elementor-widget-container\">\n\t\t\t\t\t\t\t\t\t<p>El teu llen\u00e7 en blanc. Les nostres instal\u00b7lacions minimalistes i vers\u00e0tils, distribu\u00efdes en dues plantes, estan dissenyades per adaptar-se a les vostres necessitats en un entorn c\u00e0lid, acollidor i connectat amb la naturalesa dels materials que ens inspiren.<\/p>\t\t\t\t\t\t\t\t<\/div>\n\t\t\t\t<\/div>\n\t\t\t\t<div class=\"elementor-element elementor-element-9679785 elementor-widget elementor-widget-text-editor\" data-id=\"9679785\" data-element_type=\"widget\" data-widget_type=\"text-editor.default\">\n\t\t\t\t<div class=\"elementor-widget-container\">\n\t\t\t\t\t\t\t\t\t<p>Ter\u00e0pies individuals<\/p>\t\t\t\t\t\t\t\t<\/div>\n\t\t\t\t<\/div>\n\t\t\t\t<div class=\"elementor-element elementor-element-3f2547c elementor-widget elementor-widget-text-editor\" data-id=\"3f2547c\" data-element_type=\"widget\" data-widget_type=\"text-editor.default\">\n\t\t\t\t<div class=\"elementor-widget-container\">\n\t\t\t\t\t\t\t\t\t<p>Activitats grupals<\/p>\t\t\t\t\t\t\t\t<\/div>\n\t\t\t\t<\/div>\n\t\t\t\t<div class=\"elementor-element elementor-element-7a9ea7a elementor-widget elementor-widget-text-editor\" data-id=\"7a9ea7a\" data-element_type=\"widget\" data-widget_type=\"text-editor.default\">\n\t\t\t\t<div class=\"elementor-widget-container\">\n\t\t\t\t\t\t\t\t\t<p>Esdeveniments culturals i creatius<\/p>\t\t\t\t\t\t\t\t<\/div>\n\t\t\t\t<\/div>\n\t\t\t\t<div class=\"elementor-element elementor-element-160148a elementor-widget elementor-widget-text-editor\" data-id=\"160148a\" data-element_type=\"widget\" data-widget_type=\"text-editor.default\">\n\t\t\t\t<div class=\"elementor-widget-container\">\n\t\t\t\t\t\t\t\t\t<p>Exposicions i celebracions<\/p>\t\t\t\t\t\t\t\t<\/div>\n\t\t\t\t<\/div>\n\t\t\t\t<div class=\"elementor-element elementor-element-e04ebe8 elementor-widget elementor-widget-qi_addons_for_elementor_button\" data-id=\"e04ebe8\" data-element_type=\"widget\" data-widget_type=\"qi_addons_for_elementor_button.default\">\n\t\t\t\t<div class=\"elementor-widget-container\">\n\t\t\t\t\t<a class=\"qodef-shortcode qodef-m qode-btn qode-btn-medium qode-btn-simple qodef-qi-button qodef-html--link qodef-layout--textual qodef-icon--right qodef-hover--icon-move-horizontal-short qodef-text-underline qodef-underline--left\" href=\"https:\/\/www.viceversabcn.org\/wp-content\/uploads\/2025\/07\/viceversa-alquiler-espacios-24072025.pdf\" target=\"_self\" role=\"link\">\n\t<span class=\"qodef-m-text\">VEURE DOSSIER<\/span>\n\t<\/a>\n\t\t\t\t<\/div>\n\t\t\t\t<\/div>\n\t\t\t\t<\/div>\n\t\t<div class=\"elementor-element elementor-element-43a2101 e-con-full e-flex parallax_section_no qode_elementor_container_no e-con e-child\" data-id=\"43a2101\" data-element_type=\"container\">\n\t\t\t\t<div class=\"elementor-element elementor-element-b18b02d elementor-widget elementor-widget-image\" data-id=\"b18b02d\" data-element_type=\"widget\" data-widget_type=\"image.default\">\n\t\t\t\t<div class=\"elementor-widget-container\">\n\t\t\t\t\t\t\t\t\t\t\t\t\t\t\t<img fetchpriority=\"high\" decoding=\"async\" width=\"683\" height=\"1024\" src=\"https:\/\/www.viceversabcn.org\/wp-content\/uploads\/2025\/07\/viceversa-eventos-img1-683x1024.webp\" class=\"attachment-large size-large wp-image-15902\" alt=\"Viceversa - Dansa\" srcset=\"https:\/\/www.viceversabcn.org\/wp-content\/uploads\/2025\/07\/viceversa-eventos-img1-683x1024.webp 683w, https:\/\/www.viceversabcn.org\/wp-content\/uploads\/2025\/07\/viceversa-eventos-img1-200x300.webp 200w, https:\/\/www.viceversabcn.org\/wp-content\/uploads\/2025\/07\/viceversa-eventos-img1-768x1151.webp 768w, https:\/\/www.viceversabcn.org\/wp-content\/uploads\/2025\/07\/viceversa-eventos-img1-1025x1536.webp 1025w, https:\/\/www.viceversabcn.org\/wp-content\/uploads\/2025\/07\/viceversa-eventos-img1-700x1049.webp 700w, https:\/\/www.viceversabcn.org\/wp-content\/uploads\/2025\/07\/viceversa-eventos-img1.webp 1208w\" sizes=\"(max-width: 683px) 100vw, 683px\" \/>\t\t\t\t\t\t\t\t\t\t\t\t\t\t\t<\/div>\n\t\t\t\t<\/div>\n\t\t\t\t<\/div>\n\t\t\t\t\t<\/div>\n\t\t\t\t<\/div>\n\t\t<div class=\"elementor-element elementor-element-dcfb0dd e-con-full e-flex parallax_section_no qode_elementor_container_no e-con e-parent\" data-id=\"dcfb0dd\" data-element_type=\"container\" data-settings=\"{&quot;background_background&quot;:&quot;classic&quot;}\">\n\t\t\t\t<\/div>\n\t\t<div class=\"elementor-element elementor-element-8e48155 elementor-hidden-desktop elementor-hidden-tablet elementor-hidden-mobile e-flex e-con-boxed parallax_section_no qode_elementor_container_no e-con e-parent\" data-id=\"8e48155\" data-element_type=\"container\" data-settings=\"{&quot;background_background&quot;:&quot;classic&quot;}\">\n\t\t\t\t\t<div class=\"e-con-inner\">\n\t\t<div class=\"elementor-element elementor-element-02c955f e-con-full e-flex parallax_section_no qode_elementor_container_no e-con e-child\" data-id=\"02c955f\" data-element_type=\"container\">\n\t\t\t\t<div class=\"elementor-element elementor-element-0880ef0 elementor-widget elementor-widget-text-editor\" data-id=\"0880ef0\" data-element_type=\"widget\" data-widget_type=\"text-editor.default\">\n\t\t\t\t<div class=\"elementor-widget-container\">\n\t\t\t\t\t\t\t\t\t<div class=\"wp-block-qi-blocks-icon-with-text qodef-block-container qodef-block-1d844031\"><div class=\"qi-block-icon-with-text qodef-block qodef-m qodef-layout--before-content qodef-column-responsive--never qodef--appeared\"><div class=\"qodef-m-content\"><h6 class=\"qodef-m-title\"><span class=\"qodef-m-title-text\" style=\"color: #a4460c;\">FORMACIONS<\/span><\/h6><\/div><\/div><\/div>\t\t\t\t\t\t\t\t<\/div>\n\t\t\t\t<\/div>\n\t\t\t\t<div class=\"elementor-element elementor-element-f03e75f elementor-widget__width-initial elementor-widget elementor-widget-text-editor\" data-id=\"f03e75f\" data-element_type=\"widget\" data-widget_type=\"text-editor.default\">\n\t\t\t\t<div class=\"elementor-widget-container\">\n\t\t\t\t\t\t\t\t\t<div class=\"wp-block-qi-blocks-section-title qodef-block-container qodef-block-ffdabf31 qodef-width--custom\" data-width=\"892px\"><div class=\"qi-block-section-title qodef-block qodef-m qodef-link--underline-draw qodef-subtitle-icon--left\"><h4 class=\"qodef-m-title\"><span style=\"color: #000000;\">Les formacions estan centrades en la prevenci\u00f3 i la consci\u00e8ncia, amb l&#8217;objectiu de proporcionar bases s\u00f2lides que permetin als participants aplicar all\u00f2 apr\u00e8s a la seva vida di\u00e0ria.<\/span><\/h4><\/div><\/div><section class=\"wp-block-qi-blocks-columns qodef-gutenberg-section qodef--template qodef-block-67a7b6f0 qodef-col-num--4 qodef-col-layout--25 qodef-gutter--no qodef-content--full-width\"><\/section>\t\t\t\t\t\t\t\t<\/div>\n\t\t\t\t<\/div>\n\t\t\t\t<div class=\"elementor-element elementor-element-fbeeac0 elementor-widget__width-initial elementor-widget elementor-widget-text-editor\" data-id=\"fbeeac0\" data-element_type=\"widget\" data-widget_type=\"text-editor.default\">\n\t\t\t\t<div class=\"elementor-widget-container\">\n\t\t\t\t\t\t\t\t\t<div class=\"wp-block-qi-blocks-section-title qodef-block-container qodef-block-ffdabf31 qodef-width--custom\" data-width=\"892px\"><div class=\"qi-block-section-title qodef-block qodef-m qodef-link--underline-draw qodef-subtitle-icon--left\"><h4 class=\"qodef-m-title\"><span style=\"color: #000000;\">En acabar la formaci\u00f3, s&#8217;ofereix acompanyament personalitzat i seguiment.<\/span><\/h4><\/div><\/div><section class=\"wp-block-qi-blocks-columns qodef-gutenberg-section qodef--template qodef-block-67a7b6f0 qodef-col-num--4 qodef-col-layout--25 qodef-gutter--no qodef-content--full-width\"><\/section>\t\t\t\t\t\t\t\t<\/div>\n\t\t\t\t<\/div>\n\t\t\t\t<div class=\"elementor-element elementor-element-1de9402 elementor-widget__width-initial elementor-widget elementor-widget-text-editor\" data-id=\"1de9402\" data-element_type=\"widget\" data-widget_type=\"text-editor.default\">\n\t\t\t\t<div class=\"elementor-widget-container\">\n\t\t\t\t\t\t\t\t\t<div class=\"wp-block-qi-blocks-section-title qodef-block-container qodef-block-ffdabf31 qodef-width--custom\" data-width=\"892px\"><div class=\"qi-block-section-title qodef-block qodef-m qodef-link--underline-draw qodef-subtitle-icon--left\"><h4 class=\"qodef-m-title\"><span style=\"color: #000000;\">Cada formaci\u00f3 es presentar\u00e0 en una xerrada introduct\u00f2ria, on es proporcionar\u00e0 tota la informaci\u00f3 necess\u00e0ria perqu\u00e8 cada participant pugui gestionar les seves expectatives.<\/span><\/h4><\/div><\/div><section class=\"wp-block-qi-blocks-columns qodef-gutenberg-section qodef--template qodef-block-67a7b6f0 qodef-col-num--4 qodef-col-layout--25 qodef-gutter--no qodef-content--full-width\"><\/section>\t\t\t\t\t\t\t\t<\/div>\n\t\t\t\t<\/div>\n\t\t\t\t<div class=\"elementor-element elementor-element-f7f22a2 elementor-widget__width-initial elementor-widget elementor-widget-text-editor\" data-id=\"f7f22a2\" data-element_type=\"widget\" data-widget_type=\"text-editor.default\">\n\t\t\t\t<div class=\"elementor-widget-container\">\n\t\t\t\t\t\t\t\t\t<div class=\"wp-block-qi-blocks-section-title qodef-block-container qodef-block-ffdabf31 qodef-width--custom\" data-width=\"892px\"><div class=\"qi-block-section-title qodef-block qodef-m qodef-link--underline-draw qodef-subtitle-icon--left\"><h4 class=\"qodef-m-title\"><span style=\"color: #000000;\">Cada formaci\u00f3 tindr\u00e0 el seu propi format i enfocament espec\u00edfic.<\/span><\/h4><\/div><\/div><section class=\"wp-block-qi-blocks-columns qodef-gutenberg-section qodef--template qodef-block-67a7b6f0 qodef-col-num--4 qodef-col-layout--25 qodef-gutter--no qodef-content--full-width\"><\/section>\t\t\t\t\t\t\t\t<\/div>\n\t\t\t\t<\/div>\n\t\t\t\t<\/div>\n\t\t<div class=\"elementor-element elementor-element-a82abc8 e-con-full e-flex parallax_section_no qode_elementor_container_no e-con e-child\" data-id=\"a82abc8\" data-element_type=\"container\">\n\t\t\t\t<div class=\"elementor-element elementor-element-47b5603 elementor-widget elementor-widget-image\" data-id=\"47b5603\" data-element_type=\"widget\" data-widget_type=\"image.default\">\n\t\t\t\t<div class=\"elementor-widget-container\">\n\t\t\t\t\t\t\t\t\t\t\t\t\t\t\t<img decoding=\"async\" width=\"512\" height=\"512\" src=\"https:\/\/www.viceversabcn.org\/wp-content\/uploads\/2025\/01\/viceversa-favicon.png\" class=\"attachment-large size-large wp-image-15901\" alt=\"\" \/>\t\t\t\t\t\t\t\t\t\t\t\t\t\t\t<\/div>\n\t\t\t\t<\/div>\n\t\t\t\t<\/div>\n\t\t\t\t\t<\/div>\n\t\t\t\t<\/div>\n\t\t<div class=\"elementor-element elementor-element-3287118 e-flex e-con-boxed parallax_section_no qode_elementor_container_no e-con e-parent\" data-id=\"3287118\" data-element_type=\"container\">\n\t\t\t\t\t<div class=\"e-con-inner\">\n\t\t<div class=\"elementor-element elementor-element-c4fb09f e-con-full e-flex parallax_section_no qode_elementor_container_no e-con e-child\" data-id=\"c4fb09f\" data-element_type=\"container\">\n\t\t\t\t<div class=\"elementor-element elementor-element-401db55 elementor-widget elementor-widget-bridge_custom_font\" data-id=\"401db55\" data-element_type=\"widget\" data-widget_type=\"bridge_custom_font.default\">\n\t\t\t\t<div class=\"elementor-widget-container\">\n\t\t\t\t\t<div class=\"custom_font_holder viceversa-subtitle\" style=\" font-style: normal; font-weight: 400; color: #000000; text-decoration: none; text-align: left; --qode-cf-font-size: 14px; --qode-cf-line-height: 26px; --qode-cf-font-size-1440: 14px; --qode-cf-line-height-1440: 26px; --qode-cf-font-size-1366: 14px; --qode-cf-line-height-1366: 26px; --qode-cf-font-size-1280: 14px; --qode-cf-line-height-1280: 26px; --qode-cf-font-size-1024: 14px; --qode-cf-line-height-1024: 26px; --qode-cf-font-size-768: 14px; --qode-cf-line-height-768: 26px; --qode-cf-font-size-680: 14px; --qode-cf-line-height-680: 26px; --qode-cf-font-size-480: 14px; --qode-cf-line-height-480: 26px;\">CONSTRU\u00cfM AMB LA COMUNITAT<\/div>\t\t\t\t<\/div>\n\t\t\t\t<\/div>\n\t\t\t\t<div class=\"elementor-element elementor-element-43981bf elementor-widget__width-initial elementor-widget elementor-widget-text-editor\" data-id=\"43981bf\" data-element_type=\"widget\" data-widget_type=\"text-editor.default\">\n\t\t\t\t<div class=\"elementor-widget-container\">\n\t\t\t\t\t\t\t\t\t<h3 class=\"qodef-m-title\">\u00c9s un espai que evoluciona a mesura que avancen els processos individuals i col\u00b7lectius. Com m\u00e9s gran sigui la implicaci\u00f3 de les persones i la comunitat, m\u00e9s gran ser\u00e0 la transformaci\u00f3, cosa que genera la necessitat de noves iniciatives i activitats.<\/h3>\t\t\t\t\t\t\t\t<\/div>\n\t\t\t\t<\/div>\n\t\t\t\t<div class=\"elementor-element elementor-element-6f3f97e elementor-widget elementor-widget-qi_addons_for_elementor_button\" data-id=\"6f3f97e\" data-element_type=\"widget\" data-widget_type=\"qi_addons_for_elementor_button.default\">\n\t\t\t\t<div class=\"elementor-widget-container\">\n\t\t\t\t\t<a class=\"qodef-shortcode qodef-m qode-btn qode-btn-medium qode-btn-simple qodef-qi-button qodef-html--link qodef-layout--textual qodef-icon--right qodef-hover--icon-move-horizontal-short qodef-text-underline qodef-underline--left\" href=\"https:\/\/www.viceversabcn.org\/ca\/contacte\/\" target=\"_self\" role=\"link\">\n\t<span class=\"qodef-m-text\">M&#039;apunto a un taller<\/span>\n\t<\/a>\n\t\t\t\t<\/div>\n\t\t\t\t<\/div>\n\t\t\t\t<\/div>\n\t\t\t\t\t<\/div>\n\t\t\t\t<\/div>\n\t\t\t\t<\/div>\n\t\t","protected":false},"excerpt":{"rendered":"<p>Un espai per crear i connectar Pots llogar els nostres espais per a les teves activitats El teu llen\u00e7 en blanc. Les nostres instal\u00b7lacions minimalistes i vers\u00e0tils, distribu\u00efdes en dues plantes, estan dissenyades per adaptar-se a les vostres necessitats en un entorn c\u00e0lid, acollidor i&#8230;<\/p>\n","protected":false},"author":1,"featured_media":0,"parent":0,"menu_order":0,"comment_status":"closed","ping_status":"closed","template":"full_width.php","meta":{"_monsterinsights_skip_tracking":false,"_monsterinsights_sitenote_active":false,"_monsterinsights_sitenote_note":"","_monsterinsights_sitenote_category":0,"_joinchat":[],"footnotes":""},"class_list":["post-15905","page","type-page","status-publish","hentry"],"yoast_head":"<!-- This site is optimized with the Yoast SEO plugin v26.7 - https:\/\/yoast.com\/wordpress\/plugins\/seo\/ -->\n<title>Lloguer d&#039;espais - Viceversa<\/title>\n<meta name=\"description\" content=\"\u00c9s un espai que evoluciona a mesura que avancen els processos individuals i col\u00b7lectius. Apunta&#039;t als nostres tallers i formacions.\" \/>\n<meta name=\"robots\" content=\"index, follow, max-snippet:-1, max-image-preview:large, max-video-preview:-1\" \/>\n<link rel=\"canonical\" href=\"https:\/\/www.viceversabcn.org\/ca\/lloguer-despais\/\" \/>\n<meta property=\"og:locale\" content=\"ca_ES\" \/>\n<meta property=\"og:type\" content=\"article\" \/>\n<meta property=\"og:title\" content=\"Lloguer d&#039;espais - Viceversa\" \/>\n<meta property=\"og:description\" content=\"\u00c9s un espai que evoluciona a mesura que avancen els processos individuals i col\u00b7lectius. Apunta&#039;t als nostres tallers i formacions.\" \/>\n<meta property=\"og:url\" content=\"https:\/\/www.viceversabcn.org\/ca\/lloguer-despais\/\" \/>\n<meta property=\"og:site_name\" content=\"Viceversa\" \/>\n<meta property=\"article:modified_time\" content=\"2026-03-19T10:53:50+00:00\" \/>\n<meta property=\"og:image\" content=\"https:\/\/www.viceversabcn.org\/wp-content\/uploads\/2025\/07\/viceversa-eventos-img1.webp\" \/>\n\t<meta property=\"og:image:width\" content=\"1208\" \/>\n\t<meta property=\"og:image:height\" content=\"1811\" \/>\n\t<meta property=\"og:image:type\" content=\"image\/webp\" \/>\n<meta name=\"twitter:card\" content=\"summary_large_image\" \/>\n<meta name=\"twitter:label1\" content=\"Temps estimat de lectura\" \/>\n\t<meta name=\"twitter:data1\" content=\"1 minut\" \/>\n<script type=\"application\/ld+json\" class=\"yoast-schema-graph\">{\"@context\":\"https:\/\/schema.org\",\"@graph\":[{\"@type\":\"WebPage\",\"@id\":\"https:\/\/www.viceversabcn.org\/ca\/lloguer-despais\/\",\"url\":\"https:\/\/www.viceversabcn.org\/ca\/lloguer-despais\/\",\"name\":\"Lloguer d'espais - Viceversa\",\"isPartOf\":{\"@id\":\"https:\/\/www.viceversabcn.org\/ca\/#website\"},\"primaryImageOfPage\":{\"@id\":\"https:\/\/www.viceversabcn.org\/ca\/lloguer-despais\/#primaryimage\"},\"image\":{\"@id\":\"https:\/\/www.viceversabcn.org\/ca\/lloguer-despais\/#primaryimage\"},\"thumbnailUrl\":\"https:\/\/www.viceversabcn.org\/wp-content\/uploads\/2025\/07\/viceversa-eventos-img1-683x1024.webp\",\"datePublished\":\"2025-01-17T13:03:26+00:00\",\"dateModified\":\"2026-03-19T10:53:50+00:00\",\"description\":\"\u00c9s un espai que evoluciona a mesura que avancen els processos individuals i col\u00b7lectius. Apunta't als nostres tallers i formacions.\",\"breadcrumb\":{\"@id\":\"https:\/\/www.viceversabcn.org\/ca\/lloguer-despais\/#breadcrumb\"},\"inLanguage\":\"ca\",\"potentialAction\":[{\"@type\":\"ReadAction\",\"target\":[\"https:\/\/www.viceversabcn.org\/ca\/lloguer-despais\/\"]}]},{\"@type\":\"ImageObject\",\"inLanguage\":\"ca\",\"@id\":\"https:\/\/www.viceversabcn.org\/ca\/lloguer-despais\/#primaryimage\",\"url\":\"https:\/\/www.viceversabcn.org\/wp-content\/uploads\/2025\/07\/viceversa-eventos-img1-683x1024.webp\",\"contentUrl\":\"https:\/\/www.viceversabcn.org\/wp-content\/uploads\/2025\/07\/viceversa-eventos-img1-683x1024.webp\"},{\"@type\":\"BreadcrumbList\",\"@id\":\"https:\/\/www.viceversabcn.org\/ca\/lloguer-despais\/#breadcrumb\",\"itemListElement\":[{\"@type\":\"ListItem\",\"position\":1,\"name\":\"Home\",\"item\":\"https:\/\/www.viceversabcn.org\/ca\/inici\/\"},{\"@type\":\"ListItem\",\"position\":2,\"name\":\"Lloguer d&#8217;espais\"}]},{\"@type\":\"WebSite\",\"@id\":\"https:\/\/www.viceversabcn.org\/ca\/#website\",\"url\":\"https:\/\/www.viceversabcn.org\/ca\/\",\"name\":\"Viceversa\",\"description\":\"Viceversa es un espacio multidisciplinar, art\u00edstico y terap\u00e9utico, donde el cuerpo y el sentir son el punto de partida para crear comunidad.\",\"publisher\":{\"@id\":\"https:\/\/www.viceversabcn.org\/ca\/#organization\"},\"potentialAction\":[{\"@type\":\"SearchAction\",\"target\":{\"@type\":\"EntryPoint\",\"urlTemplate\":\"https:\/\/www.viceversabcn.org\/ca\/?s={search_term_string}\"},\"query-input\":{\"@type\":\"PropertyValueSpecification\",\"valueRequired\":true,\"valueName\":\"search_term_string\"}}],\"inLanguage\":\"ca\"},{\"@type\":\"Organization\",\"@id\":\"https:\/\/www.viceversabcn.org\/ca\/#organization\",\"name\":\"Viceversa\",\"url\":\"https:\/\/www.viceversabcn.org\/ca\/\",\"logo\":{\"@type\":\"ImageObject\",\"inLanguage\":\"ca\",\"@id\":\"https:\/\/www.viceversabcn.org\/ca\/#\/schema\/logo\/image\/\",\"url\":\"https:\/\/www.viceversabcn.org\/wp-content\/uploads\/2025\/07\/viceversa-logo-v3.png\",\"contentUrl\":\"https:\/\/www.viceversabcn.org\/wp-content\/uploads\/2025\/07\/viceversa-logo-v3.png\",\"width\":567,\"height\":142,\"caption\":\"Viceversa\"},\"image\":{\"@id\":\"https:\/\/www.viceversabcn.org\/ca\/#\/schema\/logo\/image\/\"}}]}<\/script>\n<!-- \/ Yoast SEO plugin. -->","yoast_head_json":{"title":"Lloguer d'espais - Viceversa","description":"\u00c9s un espai que evoluciona a mesura que avancen els processos individuals i col\u00b7lectius. Apunta't als nostres tallers i formacions.","robots":{"index":"index","follow":"follow","max-snippet":"max-snippet:-1","max-image-preview":"max-image-preview:large","max-video-preview":"max-video-preview:-1"},"canonical":"https:\/\/www.viceversabcn.org\/ca\/lloguer-despais\/","og_locale":"ca_ES","og_type":"article","og_title":"Lloguer d'espais - Viceversa","og_description":"\u00c9s un espai que evoluciona a mesura que avancen els processos individuals i col\u00b7lectius. Apunta't als nostres tallers i formacions.","og_url":"https:\/\/www.viceversabcn.org\/ca\/lloguer-despais\/","og_site_name":"Viceversa","article_modified_time":"2026-03-19T10:53:50+00:00","og_image":[{"width":1208,"height":1811,"url":"https:\/\/www.viceversabcn.org\/wp-content\/uploads\/2025\/07\/viceversa-eventos-img1.webp","type":"image\/webp"}],"twitter_card":"summary_large_image","twitter_misc":{"Temps estimat de lectura":"1 minut"},"schema":{"@context":"https:\/\/schema.org","@graph":[{"@type":"WebPage","@id":"https:\/\/www.viceversabcn.org\/ca\/lloguer-despais\/","url":"https:\/\/www.viceversabcn.org\/ca\/lloguer-despais\/","name":"Lloguer d'espais - Viceversa","isPartOf":{"@id":"https:\/\/www.viceversabcn.org\/ca\/#website"},"primaryImageOfPage":{"@id":"https:\/\/www.viceversabcn.org\/ca\/lloguer-despais\/#primaryimage"},"image":{"@id":"https:\/\/www.viceversabcn.org\/ca\/lloguer-despais\/#primaryimage"},"thumbnailUrl":"https:\/\/www.viceversabcn.org\/wp-content\/uploads\/2025\/07\/viceversa-eventos-img1-683x1024.webp","datePublished":"2025-01-17T13:03:26+00:00","dateModified":"2026-03-19T10:53:50+00:00","description":"\u00c9s un espai que evoluciona a mesura que avancen els processos individuals i col\u00b7lectius. Apunta't als nostres tallers i formacions.","breadcrumb":{"@id":"https:\/\/www.viceversabcn.org\/ca\/lloguer-despais\/#breadcrumb"},"inLanguage":"ca","potentialAction":[{"@type":"ReadAction","target":["https:\/\/www.viceversabcn.org\/ca\/lloguer-despais\/"]}]},{"@type":"ImageObject","inLanguage":"ca","@id":"https:\/\/www.viceversabcn.org\/ca\/lloguer-despais\/#primaryimage","url":"https:\/\/www.viceversabcn.org\/wp-content\/uploads\/2025\/07\/viceversa-eventos-img1-683x1024.webp","contentUrl":"https:\/\/www.viceversabcn.org\/wp-content\/uploads\/2025\/07\/viceversa-eventos-img1-683x1024.webp"},{"@type":"BreadcrumbList","@id":"https:\/\/www.viceversabcn.org\/ca\/lloguer-despais\/#breadcrumb","itemListElement":[{"@type":"ListItem","position":1,"name":"Home","item":"https:\/\/www.viceversabcn.org\/ca\/inici\/"},{"@type":"ListItem","position":2,"name":"Lloguer d&#8217;espais"}]},{"@type":"WebSite","@id":"https:\/\/www.viceversabcn.org\/ca\/#website","url":"https:\/\/www.viceversabcn.org\/ca\/","name":"Viceversa","description":"Viceversa es un espacio multidisciplinar, art\u00edstico y terap\u00e9utico, donde el cuerpo y el sentir son el punto de partida para crear comunidad.","publisher":{"@id":"https:\/\/www.viceversabcn.org\/ca\/#organization"},"potentialAction":[{"@type":"SearchAction","target":{"@type":"EntryPoint","urlTemplate":"https:\/\/www.viceversabcn.org\/ca\/?s={search_term_string}"},"query-input":{"@type":"PropertyValueSpecification","valueRequired":true,"valueName":"search_term_string"}}],"inLanguage":"ca"},{"@type":"Organization","@id":"https:\/\/www.viceversabcn.org\/ca\/#organization","name":"Viceversa","url":"https:\/\/www.viceversabcn.org\/ca\/","logo":{"@type":"ImageObject","inLanguage":"ca","@id":"https:\/\/www.viceversabcn.org\/ca\/#\/schema\/logo\/image\/","url":"https:\/\/www.viceversabcn.org\/wp-content\/uploads\/2025\/07\/viceversa-logo-v3.png","contentUrl":"https:\/\/www.viceversabcn.org\/wp-content\/uploads\/2025\/07\/viceversa-logo-v3.png","width":567,"height":142,"caption":"Viceversa"},"image":{"@id":"https:\/\/www.viceversabcn.org\/ca\/#\/schema\/logo\/image\/"}}]}},"_links":{"self":[{"href":"https:\/\/www.viceversabcn.org\/ca\/wp-json\/wp\/v2\/pages\/15905","targetHints":{"allow":["GET"]}}],"collection":[{"href":"https:\/\/www.viceversabcn.org\/ca\/wp-json\/wp\/v2\/pages"}],"about":[{"href":"https:\/\/www.viceversabcn.org\/ca\/wp-json\/wp\/v2\/types\/page"}],"author":[{"embeddable":true,"href":"https:\/\/www.viceversabcn.org\/ca\/wp-json\/wp\/v2\/users\/1"}],"replies":[{"embeddable":true,"href":"https:\/\/www.viceversabcn.org\/ca\/wp-json\/wp\/v2\/comments?post=15905"}],"version-history":[{"count":1,"href":"https:\/\/www.viceversabcn.org\/ca\/wp-json\/wp\/v2\/pages\/15905\/revisions"}],"predecessor-version":[{"id":15906,"href":"https:\/\/www.viceversabcn.org\/ca\/wp-json\/wp\/v2\/pages\/15905\/revisions\/15906"}],"wp:attachment":[{"href":"https:\/\/www.viceversabcn.org\/ca\/wp-json\/wp\/v2\/media?parent=15905"}],"curies":[{"name":"wp","href":"https:\/\/api.w.org\/{rel}","templated":true}]}}