{"id":15908,"date":"2025-01-15T14:30:24","date_gmt":"2025-01-15T13:30:24","guid":{"rendered":"https:\/\/www.viceversabcn.org\/comunitat\/"},"modified":"2026-03-19T11:54:52","modified_gmt":"2026-03-19T10:54:52","slug":"comunitat","status":"publish","type":"page","link":"https:\/\/www.viceversabcn.org\/ca\/comunitat\/","title":{"rendered":"Comunitat"},"content":{"rendered":"\t\t<div data-elementor-type=\"wp-page\" data-elementor-id=\"15908\" class=\"elementor elementor-15908 elementor-14610\">\n\t\t\t\t<div class=\"elementor-element elementor-element-66a3a03 e-flex e-con-boxed parallax_section_no qode_elementor_container_no e-con e-parent\" data-id=\"66a3a03\" data-element_type=\"container\">\n\t\t\t\t\t<div class=\"e-con-inner\">\n\t\t<div class=\"elementor-element elementor-element-7003d1a e-con-full elementor-hidden-mobile e-flex parallax_section_no qode_elementor_container_no e-con e-child\" data-id=\"7003d1a\" data-element_type=\"container\" data-settings=\"{&quot;background_background&quot;:&quot;classic&quot;}\">\n\t\t<div class=\"elementor-element elementor-element-4911cc8 e-con-full e-flex parallax_section_no qode_elementor_container_no e-con e-child\" data-id=\"4911cc8\" data-element_type=\"container\">\n\t\t\t\t<div class=\"elementor-element elementor-element-7a9908c elementor-widget elementor-widget-image\" data-id=\"7a9908c\" data-element_type=\"widget\" data-widget_type=\"image.default\">\n\t\t\t\t<div class=\"elementor-widget-container\">\n\t\t\t\t\t\t\t\t\t\t\t\t\t\t\t<img fetchpriority=\"high\" decoding=\"async\" width=\"1024\" height=\"683\" src=\"https:\/\/www.viceversabcn.org\/wp-content\/uploads\/2025\/07\/viceversa-asociacion-img1-1024x683.webp\" class=\"attachment-large size-large wp-image-15907\" alt=\"Viceversa - Noia passant per davant d&#039;una prestatgeria\" srcset=\"https:\/\/www.viceversabcn.org\/wp-content\/uploads\/2025\/07\/viceversa-asociacion-img1-1024x683.webp 1024w, https:\/\/www.viceversabcn.org\/wp-content\/uploads\/2025\/07\/viceversa-asociacion-img1-300x200.webp 300w, https:\/\/www.viceversabcn.org\/wp-content\/uploads\/2025\/07\/viceversa-asociacion-img1-768x512.webp 768w, https:\/\/www.viceversabcn.org\/wp-content\/uploads\/2025\/07\/viceversa-asociacion-img1-1536x1024.webp 1536w, https:\/\/www.viceversabcn.org\/wp-content\/uploads\/2025\/07\/viceversa-asociacion-img1-700x467.webp 700w, https:\/\/www.viceversabcn.org\/wp-content\/uploads\/2025\/07\/viceversa-asociacion-img1.webp 1966w\" sizes=\"(max-width: 1024px) 100vw, 1024px\" \/>\t\t\t\t\t\t\t\t\t\t\t\t\t\t\t<\/div>\n\t\t\t\t<\/div>\n\t\t\t\t<\/div>\n\t\t\t\t<\/div>\n\t\t<div class=\"elementor-element elementor-element-7ea0cda e-con-full e-flex parallax_section_no qode_elementor_container_no e-con e-child\" data-id=\"7ea0cda\" data-element_type=\"container\">\n\t\t\t\t<div class=\"elementor-element elementor-element-b056271 elementor-widget elementor-widget-bridge_custom_font\" data-id=\"b056271\" data-element_type=\"widget\" data-widget_type=\"bridge_custom_font.default\">\n\t\t\t\t<div class=\"elementor-widget-container\">\n\t\t\t\t\t<div class=\"custom_font_holder viceversa-subtitle\" style=\" font-style: normal; font-weight: 400; color: #000000; text-decoration: none; text-align: left; --qode-cf-font-size: 14px; --qode-cf-line-height: 26px; --qode-cf-font-size-1440: 14px; --qode-cf-line-height-1440: 26px; --qode-cf-font-size-1366: 14px; --qode-cf-line-height-1366: 26px; --qode-cf-font-size-1280: 14px; --qode-cf-line-height-1280: 26px; --qode-cf-font-size-1024: 14px; --qode-cf-line-height-1024: 26px; --qode-cf-font-size-768: 14px; --qode-cf-line-height-768: 26px; --qode-cf-font-size-680: 14px; --qode-cf-line-height-680: 26px; --qode-cf-font-size-480: 14px; --qode-cf-line-height-480: 26px;\">comunitat<\/div>\t\t\t\t<\/div>\n\t\t\t\t<\/div>\n\t\t\t\t<div class=\"elementor-element elementor-element-ab8c7eb elementor-widget__width-initial elementor-widget elementor-widget-text-editor\" data-id=\"ab8c7eb\" data-element_type=\"widget\" data-widget_type=\"text-editor.default\">\n\t\t\t\t<div class=\"elementor-widget-container\">\n\t\t\t\t\t\t\t\t\t<h1 class=\"qodef-m-title\"><span style=\"color: #d13a05;\">A l&#8217;inrev\u00e9s, la comunitat comen\u00e7a com un espai obert, llest per ser habitat amb all\u00f2 que cada persona senti l&#8217;impuls d&#8217;oferir<\/span><\/h1>\t\t\t\t\t\t\t\t<\/div>\n\t\t\t\t<\/div>\n\t\t<div class=\"elementor-element elementor-element-4b5cc8d e-con-full e-flex parallax_section_no qode_elementor_container_no e-con e-child\" data-id=\"4b5cc8d\" data-element_type=\"container\">\n\t\t<div class=\"elementor-element elementor-element-bc4ef4b e-con-full e-flex parallax_section_no qode_elementor_container_no e-con e-child\" data-id=\"bc4ef4b\" data-element_type=\"container\">\n\t\t\t\t<div class=\"elementor-element elementor-element-0777204 elementor-widget__width-initial elementor-widget elementor-widget-text-editor\" data-id=\"0777204\" data-element_type=\"widget\" data-widget_type=\"text-editor.default\">\n\t\t\t\t<div class=\"elementor-widget-container\">\n\t\t\t\t\t\t\t\t\t<p>Un espai que es construeix amb aportacions espont\u00e0nies, honestes. Des de vincles subtils, de vegades inconscients, teixim una xarxa que d\u00f3na forma al projecte i el nodreix dia a dia.<\/p>\t\t\t\t\t\t\t\t<\/div>\n\t\t\t\t<\/div>\n\t\t\t\t<div class=\"elementor-element elementor-element-2758032 elementor-widget__width-initial elementor-widget elementor-widget-text-editor\" data-id=\"2758032\" data-element_type=\"widget\" data-widget_type=\"text-editor.default\">\n\t\t\t\t<div class=\"elementor-widget-container\">\n\t\t\t\t\t\t\t\t\t<p>Creiem que la comunitat se sost\u00e9 sobre dos pilars essencials:<\/p>\t\t\t\t\t\t\t\t<\/div>\n\t\t\t\t<\/div>\n\t\t\t\t<\/div>\n\t\t<div class=\"elementor-element elementor-element-5ba4ad4 e-con-full e-flex parallax_section_no qode_elementor_container_no e-con e-child\" data-id=\"5ba4ad4\" data-element_type=\"container\">\n\t\t\t\t<div class=\"elementor-element elementor-element-60ee107 elementor-widget__width-initial elementor-widget elementor-widget-text-editor\" data-id=\"60ee107\" data-element_type=\"widget\" data-widget_type=\"text-editor.default\">\n\t\t\t\t<div class=\"elementor-widget-container\">\n\t\t\t\t\t\t\t\t\t<p>01. Col\u00b7laboraci\u00f3 i diversitat. Confiem en el poder de l&#8217;intercanvi, en la riquesa que sorgeix quan compartim idees, mirades i experi\u00e8ncies diferents.<\/p>\t\t\t\t\t\t\t\t<\/div>\n\t\t\t\t<\/div>\n\t\t\t\t<div class=\"elementor-element elementor-element-ed0ae21 elementor-widget__width-initial elementor-widget elementor-widget-text-editor\" data-id=\"ed0ae21\" data-element_type=\"widget\" data-widget_type=\"text-editor.default\">\n\t\t\t\t<div class=\"elementor-widget-container\">\n\t\t\t\t\t\t\t\t\t<p>02. Benestar, aprenentatge i creixement. Ens uneix el desig d&#8217;estar millor, aprendre junts, acompanyar processos vitals amb sensibilitat i comprom\u00eds.<\/p>\t\t\t\t\t\t\t\t<\/div>\n\t\t\t\t<\/div>\n\t\t\t\t<div class=\"elementor-element elementor-element-b79bbaa elementor-widget__width-initial elementor-widget elementor-widget-text-editor\" data-id=\"b79bbaa\" data-element_type=\"widget\" data-widget_type=\"text-editor.default\">\n\t\t\t\t<div class=\"elementor-widget-container\">\n\t\t\t\t\t\t\t\t\t<p>Vols ser-ne part?<\/p>\t\t\t\t\t\t\t\t<\/div>\n\t\t\t\t<\/div>\n\t\t\t\t<div class=\"elementor-element elementor-element-69182dc elementor-widget elementor-widget-qi_addons_for_elementor_button\" data-id=\"69182dc\" data-element_type=\"widget\" data-widget_type=\"qi_addons_for_elementor_button.default\">\n\t\t\t\t<div class=\"elementor-widget-container\">\n\t\t\t\t\t<a class=\"qodef-shortcode qodef-m qode-btn qode-btn-medium qode-btn-simple qodef-qi-button qodef-html--link qodef-layout--textual qodef-icon--right qodef-hover--icon-move-horizontal-short qodef-text-underline qodef-underline--left\" href=\"https:\/\/www.viceversabcn.org\/ca\/contacte\/\" target=\"_self\" role=\"link\">\n\t<span class=\"qodef-m-text\">Suma&#039;t a una comunitat viva, creativa i compromesa amb el benestar<\/span>\n\t<\/a>\n\t\t\t\t<\/div>\n\t\t\t\t<\/div>\n\t\t\t\t<\/div>\n\t\t\t\t<\/div>\n\t\t\t\t<\/div>\n\t\t\t\t\t<\/div>\n\t\t\t\t<\/div>\n\t\t<div class=\"elementor-element elementor-element-8afe755 e-flex e-con-boxed parallax_section_no qode_elementor_container_no e-con e-parent\" data-id=\"8afe755\" data-element_type=\"container\" data-settings=\"{&quot;background_background&quot;:&quot;classic&quot;}\">\n\t\t\t\t\t<div class=\"e-con-inner\">\n\t\t<div class=\"elementor-element elementor-element-d2b4d82 e-con-full e-flex parallax_section_no qode_elementor_container_no e-con e-child\" data-id=\"d2b4d82\" data-element_type=\"container\">\n\t\t\t\t<\/div>\n\t\t<div class=\"elementor-element elementor-element-2369b01 e-con-full e-flex parallax_section_no qode_elementor_container_no e-con e-child\" data-id=\"2369b01\" data-element_type=\"container\">\n\t\t\t\t<div class=\"elementor-element elementor-element-44acbd2 elementor-widget elementor-widget-bridge_custom_font\" data-id=\"44acbd2\" data-element_type=\"widget\" data-widget_type=\"bridge_custom_font.default\">\n\t\t\t\t<div class=\"elementor-widget-container\">\n\t\t\t\t\t<div class=\"custom_font_holder viceversa-subtitle\" style=\" font-style: normal; font-weight: 400; color: #000000; text-decoration: none; text-align: left; --qode-cf-font-size: 14px; --qode-cf-line-height: 26px; --qode-cf-font-size-1440: 14px; --qode-cf-line-height-1440: 26px; --qode-cf-font-size-1366: 14px; --qode-cf-line-height-1366: 26px; --qode-cf-font-size-1280: 14px; --qode-cf-line-height-1280: 26px; --qode-cf-font-size-1024: 14px; --qode-cf-line-height-1024: 26px; --qode-cf-font-size-768: 14px; --qode-cf-line-height-768: 26px; --qode-cf-font-size-680: 14px; --qode-cf-line-height-680: 26px; --qode-cf-font-size-480: 14px; --qode-cf-line-height-480: 26px;\">PROFESSIONALS<\/div>\t\t\t\t<\/div>\n\t\t\t\t<\/div>\n\t\t\t\t<div class=\"elementor-element elementor-element-a66b646 elementor-widget__width-initial elementor-widget elementor-widget-text-editor\" data-id=\"a66b646\" data-element_type=\"widget\" data-widget_type=\"text-editor.default\">\n\t\t\t\t<div class=\"elementor-widget-container\">\n\t\t\t\t\t\t\t\t\t<h2 class=\"qodef-m-title\">Si sents afinitat amb la proposta i penses que la teva experi\u00e8ncia pot aportar a aquest espai, ens encantaria con\u00e8ixer-te.<\/h2>\t\t\t\t\t\t\t\t<\/div>\n\t\t\t\t<\/div>\n\t\t<div class=\"elementor-element elementor-element-f73657c e-con-full e-flex parallax_section_no qode_elementor_container_no e-con e-child\" data-id=\"f73657c\" data-element_type=\"container\">\n\t\t<div class=\"elementor-element elementor-element-c0db705 e-con-full e-flex parallax_section_no qode_elementor_container_no e-con e-child\" data-id=\"c0db705\" data-element_type=\"container\">\n\t\t\t\t<div class=\"elementor-element elementor-element-8a0b2ce elementor-widget elementor-widget-text-editor\" data-id=\"8a0b2ce\" data-element_type=\"widget\" data-widget_type=\"text-editor.default\">\n\t\t\t\t<div class=\"elementor-widget-container\">\n\t\t\t\t\t\t\t\t\t<p>Pots escriure&#8217;ns si la teva proposta es vincula amb alguna d&#8217;aquestes \u00e0rees:<\/p>\t\t\t\t\t\t\t\t<\/div>\n\t\t\t\t<\/div>\n\t\t\t\t<div class=\"elementor-element elementor-element-6df9263 elementor-widget elementor-widget-text-editor\" data-id=\"6df9263\" data-element_type=\"widget\" data-widget_type=\"text-editor.default\">\n\t\t\t\t<div class=\"elementor-widget-container\">\n\t\t\t\t\t\t\t\t\t<ul><li>Ter\u00e0pies individuals i personalitzades<\/li><li>Activitats grupals amb enfocament corporal i sentit terap\u00e8utic<\/li><li>Tallers i formacions<\/li><li>Esdeveniments, exposicions o experi\u00e8ncies amb un missatge transformador<\/li><\/ul>\t\t\t\t\t\t\t\t<\/div>\n\t\t\t\t<\/div>\n\t\t\t\t<div class=\"elementor-element elementor-element-53fde59 elementor-widget elementor-widget-text-editor\" data-id=\"53fde59\" data-element_type=\"widget\" data-widget_type=\"text-editor.default\">\n\t\t\t\t<div class=\"elementor-widget-container\">\n\t\t\t\t\t\t\t\t\t<p>Explica&#8217;ns qu\u00e8 fas i com t&#8217;agradaria sumar-te.<br> Estem oberts a noves idees, mirades i maneres de fer.<\/p>\t\t\t\t\t\t\t\t<\/div>\n\t\t\t\t<\/div>\n\t\t\t\t<\/div>\n\t\t\t\t<\/div>\n\t\t\t\t<\/div>\n\t\t\t\t\t<\/div>\n\t\t\t\t<\/div>\n\t\t\t\t<\/div>\n\t\t","protected":false},"excerpt":{"rendered":"<p>comunitat A l&#8217;inrev\u00e9s, la comunitat comen\u00e7a com un espai obert, llest per ser habitat amb all\u00f2 que cada persona senti l&#8217;impuls d&#8217;oferir Un espai que es construeix amb aportacions espont\u00e0nies, honestes. Des de vincles subtils, de vegades inconscients, teixim una xarxa que d\u00f3na forma al&#8230;<\/p>\n","protected":false},"author":1,"featured_media":0,"parent":0,"menu_order":0,"comment_status":"closed","ping_status":"closed","template":"full_width.php","meta":{"_monsterinsights_skip_tracking":false,"_monsterinsights_sitenote_active":false,"_monsterinsights_sitenote_note":"","_monsterinsights_sitenote_category":0,"_joinchat":[],"footnotes":""},"class_list":["post-15908","page","type-page","status-publish","hentry"],"yoast_head":"<!-- This site is optimized with the Yoast SEO plugin v26.7 - https:\/\/yoast.com\/wordpress\/plugins\/seo\/ -->\n<title>Comunitat - Viceversa<\/title>\n<meta name=\"description\" content=\"La comunitat \u00e9s el cor del projecte. Creiem en el poder del suport mutu i la connexi\u00f3. Suma&#039;t a la nostra comunitat.\" \/>\n<meta name=\"robots\" content=\"index, follow, max-snippet:-1, max-image-preview:large, max-video-preview:-1\" \/>\n<link rel=\"canonical\" href=\"https:\/\/www.viceversabcn.org\/ca\/comunitat\/\" \/>\n<meta property=\"og:locale\" content=\"ca_ES\" \/>\n<meta property=\"og:type\" content=\"article\" \/>\n<meta property=\"og:title\" content=\"Comunitat - Viceversa\" \/>\n<meta property=\"og:description\" content=\"La comunitat \u00e9s el cor del projecte. Creiem en el poder del suport mutu i la connexi\u00f3. Suma&#039;t a la nostra comunitat.\" \/>\n<meta property=\"og:url\" content=\"https:\/\/www.viceversabcn.org\/ca\/comunitat\/\" \/>\n<meta property=\"og:site_name\" content=\"Viceversa\" \/>\n<meta property=\"article:modified_time\" content=\"2026-03-19T10:54:52+00:00\" \/>\n<meta property=\"og:image\" content=\"https:\/\/www.viceversabcn.org\/wp-content\/uploads\/2025\/07\/viceversa-asociacion-img1.webp\" \/>\n\t<meta property=\"og:image:width\" content=\"1966\" \/>\n\t<meta property=\"og:image:height\" content=\"1311\" \/>\n\t<meta property=\"og:image:type\" content=\"image\/webp\" \/>\n<meta name=\"twitter:card\" content=\"summary_large_image\" \/>\n<meta name=\"twitter:label1\" content=\"Temps estimat de lectura\" \/>\n\t<meta name=\"twitter:data1\" content=\"1 minut\" \/>\n<script type=\"application\/ld+json\" class=\"yoast-schema-graph\">{\"@context\":\"https:\/\/schema.org\",\"@graph\":[{\"@type\":\"WebPage\",\"@id\":\"https:\/\/www.viceversabcn.org\/ca\/comunitat\/\",\"url\":\"https:\/\/www.viceversabcn.org\/ca\/comunitat\/\",\"name\":\"Comunitat - Viceversa\",\"isPartOf\":{\"@id\":\"https:\/\/www.viceversabcn.org\/ca\/#website\"},\"primaryImageOfPage\":{\"@id\":\"https:\/\/www.viceversabcn.org\/ca\/comunitat\/#primaryimage\"},\"image\":{\"@id\":\"https:\/\/www.viceversabcn.org\/ca\/comunitat\/#primaryimage\"},\"thumbnailUrl\":\"https:\/\/www.viceversabcn.org\/wp-content\/uploads\/2025\/07\/viceversa-asociacion-img1-1024x683.webp\",\"datePublished\":\"2025-01-15T13:30:24+00:00\",\"dateModified\":\"2026-03-19T10:54:52+00:00\",\"description\":\"La comunitat \u00e9s el cor del projecte. Creiem en el poder del suport mutu i la connexi\u00f3. Suma't a la nostra comunitat.\",\"breadcrumb\":{\"@id\":\"https:\/\/www.viceversabcn.org\/ca\/comunitat\/#breadcrumb\"},\"inLanguage\":\"ca\",\"potentialAction\":[{\"@type\":\"ReadAction\",\"target\":[\"https:\/\/www.viceversabcn.org\/ca\/comunitat\/\"]}]},{\"@type\":\"ImageObject\",\"inLanguage\":\"ca\",\"@id\":\"https:\/\/www.viceversabcn.org\/ca\/comunitat\/#primaryimage\",\"url\":\"https:\/\/www.viceversabcn.org\/wp-content\/uploads\/2025\/07\/viceversa-asociacion-img1-1024x683.webp\",\"contentUrl\":\"https:\/\/www.viceversabcn.org\/wp-content\/uploads\/2025\/07\/viceversa-asociacion-img1-1024x683.webp\"},{\"@type\":\"BreadcrumbList\",\"@id\":\"https:\/\/www.viceversabcn.org\/ca\/comunitat\/#breadcrumb\",\"itemListElement\":[{\"@type\":\"ListItem\",\"position\":1,\"name\":\"Home\",\"item\":\"https:\/\/www.viceversabcn.org\/ca\/inici\/\"},{\"@type\":\"ListItem\",\"position\":2,\"name\":\"Comunitat\"}]},{\"@type\":\"WebSite\",\"@id\":\"https:\/\/www.viceversabcn.org\/ca\/#website\",\"url\":\"https:\/\/www.viceversabcn.org\/ca\/\",\"name\":\"Viceversa\",\"description\":\"Viceversa es un espacio multidisciplinar, art\u00edstico y terap\u00e9utico, donde el cuerpo y el sentir son el punto de partida para crear comunidad.\",\"publisher\":{\"@id\":\"https:\/\/www.viceversabcn.org\/ca\/#organization\"},\"potentialAction\":[{\"@type\":\"SearchAction\",\"target\":{\"@type\":\"EntryPoint\",\"urlTemplate\":\"https:\/\/www.viceversabcn.org\/ca\/?s={search_term_string}\"},\"query-input\":{\"@type\":\"PropertyValueSpecification\",\"valueRequired\":true,\"valueName\":\"search_term_string\"}}],\"inLanguage\":\"ca\"},{\"@type\":\"Organization\",\"@id\":\"https:\/\/www.viceversabcn.org\/ca\/#organization\",\"name\":\"Viceversa\",\"url\":\"https:\/\/www.viceversabcn.org\/ca\/\",\"logo\":{\"@type\":\"ImageObject\",\"inLanguage\":\"ca\",\"@id\":\"https:\/\/www.viceversabcn.org\/ca\/#\/schema\/logo\/image\/\",\"url\":\"https:\/\/www.viceversabcn.org\/wp-content\/uploads\/2025\/07\/viceversa-logo-v3.png\",\"contentUrl\":\"https:\/\/www.viceversabcn.org\/wp-content\/uploads\/2025\/07\/viceversa-logo-v3.png\",\"width\":567,\"height\":142,\"caption\":\"Viceversa\"},\"image\":{\"@id\":\"https:\/\/www.viceversabcn.org\/ca\/#\/schema\/logo\/image\/\"}}]}<\/script>\n<!-- \/ Yoast SEO plugin. -->","yoast_head_json":{"title":"Comunitat - Viceversa","description":"La comunitat \u00e9s el cor del projecte. Creiem en el poder del suport mutu i la connexi\u00f3. Suma't a la nostra comunitat.","robots":{"index":"index","follow":"follow","max-snippet":"max-snippet:-1","max-image-preview":"max-image-preview:large","max-video-preview":"max-video-preview:-1"},"canonical":"https:\/\/www.viceversabcn.org\/ca\/comunitat\/","og_locale":"ca_ES","og_type":"article","og_title":"Comunitat - Viceversa","og_description":"La comunitat \u00e9s el cor del projecte. Creiem en el poder del suport mutu i la connexi\u00f3. Suma't a la nostra comunitat.","og_url":"https:\/\/www.viceversabcn.org\/ca\/comunitat\/","og_site_name":"Viceversa","article_modified_time":"2026-03-19T10:54:52+00:00","og_image":[{"width":1966,"height":1311,"url":"https:\/\/www.viceversabcn.org\/wp-content\/uploads\/2025\/07\/viceversa-asociacion-img1.webp","type":"image\/webp"}],"twitter_card":"summary_large_image","twitter_misc":{"Temps estimat de lectura":"1 minut"},"schema":{"@context":"https:\/\/schema.org","@graph":[{"@type":"WebPage","@id":"https:\/\/www.viceversabcn.org\/ca\/comunitat\/","url":"https:\/\/www.viceversabcn.org\/ca\/comunitat\/","name":"Comunitat - Viceversa","isPartOf":{"@id":"https:\/\/www.viceversabcn.org\/ca\/#website"},"primaryImageOfPage":{"@id":"https:\/\/www.viceversabcn.org\/ca\/comunitat\/#primaryimage"},"image":{"@id":"https:\/\/www.viceversabcn.org\/ca\/comunitat\/#primaryimage"},"thumbnailUrl":"https:\/\/www.viceversabcn.org\/wp-content\/uploads\/2025\/07\/viceversa-asociacion-img1-1024x683.webp","datePublished":"2025-01-15T13:30:24+00:00","dateModified":"2026-03-19T10:54:52+00:00","description":"La comunitat \u00e9s el cor del projecte. Creiem en el poder del suport mutu i la connexi\u00f3. Suma't a la nostra comunitat.","breadcrumb":{"@id":"https:\/\/www.viceversabcn.org\/ca\/comunitat\/#breadcrumb"},"inLanguage":"ca","potentialAction":[{"@type":"ReadAction","target":["https:\/\/www.viceversabcn.org\/ca\/comunitat\/"]}]},{"@type":"ImageObject","inLanguage":"ca","@id":"https:\/\/www.viceversabcn.org\/ca\/comunitat\/#primaryimage","url":"https:\/\/www.viceversabcn.org\/wp-content\/uploads\/2025\/07\/viceversa-asociacion-img1-1024x683.webp","contentUrl":"https:\/\/www.viceversabcn.org\/wp-content\/uploads\/2025\/07\/viceversa-asociacion-img1-1024x683.webp"},{"@type":"BreadcrumbList","@id":"https:\/\/www.viceversabcn.org\/ca\/comunitat\/#breadcrumb","itemListElement":[{"@type":"ListItem","position":1,"name":"Home","item":"https:\/\/www.viceversabcn.org\/ca\/inici\/"},{"@type":"ListItem","position":2,"name":"Comunitat"}]},{"@type":"WebSite","@id":"https:\/\/www.viceversabcn.org\/ca\/#website","url":"https:\/\/www.viceversabcn.org\/ca\/","name":"Viceversa","description":"Viceversa es un espacio multidisciplinar, art\u00edstico y terap\u00e9utico, donde el cuerpo y el sentir son el punto de partida para crear comunidad.","publisher":{"@id":"https:\/\/www.viceversabcn.org\/ca\/#organization"},"potentialAction":[{"@type":"SearchAction","target":{"@type":"EntryPoint","urlTemplate":"https:\/\/www.viceversabcn.org\/ca\/?s={search_term_string}"},"query-input":{"@type":"PropertyValueSpecification","valueRequired":true,"valueName":"search_term_string"}}],"inLanguage":"ca"},{"@type":"Organization","@id":"https:\/\/www.viceversabcn.org\/ca\/#organization","name":"Viceversa","url":"https:\/\/www.viceversabcn.org\/ca\/","logo":{"@type":"ImageObject","inLanguage":"ca","@id":"https:\/\/www.viceversabcn.org\/ca\/#\/schema\/logo\/image\/","url":"https:\/\/www.viceversabcn.org\/wp-content\/uploads\/2025\/07\/viceversa-logo-v3.png","contentUrl":"https:\/\/www.viceversabcn.org\/wp-content\/uploads\/2025\/07\/viceversa-logo-v3.png","width":567,"height":142,"caption":"Viceversa"},"image":{"@id":"https:\/\/www.viceversabcn.org\/ca\/#\/schema\/logo\/image\/"}}]}},"_links":{"self":[{"href":"https:\/\/www.viceversabcn.org\/ca\/wp-json\/wp\/v2\/pages\/15908","targetHints":{"allow":["GET"]}}],"collection":[{"href":"https:\/\/www.viceversabcn.org\/ca\/wp-json\/wp\/v2\/pages"}],"about":[{"href":"https:\/\/www.viceversabcn.org\/ca\/wp-json\/wp\/v2\/types\/page"}],"author":[{"embeddable":true,"href":"https:\/\/www.viceversabcn.org\/ca\/wp-json\/wp\/v2\/users\/1"}],"replies":[{"embeddable":true,"href":"https:\/\/www.viceversabcn.org\/ca\/wp-json\/wp\/v2\/comments?post=15908"}],"version-history":[{"count":1,"href":"https:\/\/www.viceversabcn.org\/ca\/wp-json\/wp\/v2\/pages\/15908\/revisions"}],"predecessor-version":[{"id":15912,"href":"https:\/\/www.viceversabcn.org\/ca\/wp-json\/wp\/v2\/pages\/15908\/revisions\/15912"}],"wp:attachment":[{"href":"https:\/\/www.viceversabcn.org\/ca\/wp-json\/wp\/v2\/media?parent=15908"}],"curies":[{"name":"wp","href":"https:\/\/api.w.org\/{rel}","templated":true}]}}